{"id":2368,"date":"2022-11-19T13:01:29","date_gmt":"2022-11-19T12:01:29","guid":{"rendered":"https:\/\/ataraxia-gledy.com\/?page_id=2368"},"modified":"2024-05-28T21:43:22","modified_gmt":"2024-05-28T19:43:22","slug":"spa-de","status":"publish","type":"page","link":"https:\/\/ataraxia-gledy.com\/de\/spa-de\/","title":{"rendered":"Spa DE"},"content":{"rendered":"\t\t<div data-elementor-type=\"wp-page\" data-elementor-id=\"2368\" class=\"elementor elementor-2368\">\n\t\t\t\t\t\t\t\t\t<section class=\"elementor-section elementor-top-section elementor-element elementor-element-6a0f36c elementor-section-stretched elementor-section-boxed elementor-section-height-default elementor-section-height-default\" data-id=\"6a0f36c\" data-element_type=\"section\" data-settings=\"{&quot;background_background&quot;:&quot;classic&quot;,&quot;stretch_section&quot;:&quot;section-stretched&quot;}\">\n\t\t\t\t\t\t<div class=\"elementor-container elementor-column-gap-default\">\n\t\t\t\t\t<div class=\"elementor-column elementor-col-100 elementor-top-column elementor-element elementor-element-a28deaa\" data-id=\"a28deaa\" data-element_type=\"column\">\n\t\t\t<div class=\"elementor-widget-wrap elementor-element-populated\">\n\t\t\t\t\t\t\t\t<div class=\"elementor-element elementor-element-d1f620c elementor-widget elementor-widget-heading\" data-id=\"d1f620c\" data-element_type=\"widget\" data-widget_type=\"heading.default\">\n\t\t\t\t<div class=\"elementor-widget-container\">\n\t\t\t<style>\/*! elementor - v3.6.5 - 27-04-2022 *\/\n.elementor-heading-title{padding:0;margin:0;line-height:1}.elementor-widget-heading .elementor-heading-title[class*=elementor-size-]>a{color:inherit;font-size:inherit;line-height:inherit}.elementor-widget-heading .elementor-heading-title.elementor-size-small{font-size:15px}.elementor-widget-heading .elementor-heading-title.elementor-size-medium{font-size:19px}.elementor-widget-heading .elementor-heading-title.elementor-size-large{font-size:29px}.elementor-widget-heading .elementor-heading-title.elementor-size-xl{font-size:39px}.elementor-widget-heading .elementor-heading-title.elementor-size-xxl{font-size:59px}<\/style><h2 class=\"elementor-heading-title elementor-size-default\">Wellness Angebote<\/h2>\t\t<\/div>\n\t\t\t\t<\/div>\n\t\t\t\t\t<\/div>\n\t\t<\/div>\n\t\t\t\t\t\t\t<\/div>\n\t\t<\/section>\n\t\t\t\t<section class=\"elementor-section elementor-top-section elementor-element elementor-element-abda2ab elementor-section-boxed elementor-section-height-default elementor-section-height-default\" data-id=\"abda2ab\" data-element_type=\"section\">\n\t\t\t\t\t\t<div class=\"elementor-container elementor-column-gap-default\">\n\t\t\t\t\t<div class=\"elementor-column elementor-col-100 elementor-top-column elementor-element elementor-element-8679562\" data-id=\"8679562\" data-element_type=\"column\">\n\t\t\t<div class=\"elementor-widget-wrap elementor-element-populated\">\n\t\t\t\t\t\t\t\t<div class=\"elementor-element elementor-element-7b07a09 elementor-widget elementor-widget-heading\" data-id=\"7b07a09\" data-element_type=\"widget\" data-widget_type=\"heading.default\">\n\t\t\t\t<div class=\"elementor-widget-container\">\n\t\t\t<h2 class=\"elementor-heading-title elementor-size-default\">Massagen<\/h2>\t\t<\/div>\n\t\t\t\t<\/div>\n\t\t\t\t<div class=\"elementor-element elementor-element-c8faec2 elementor-widget elementor-widget-text-editor\" data-id=\"c8faec2\" data-element_type=\"widget\" data-widget_type=\"text-editor.default\">\n\t\t\t\t<div class=\"elementor-widget-container\">\n\t\t\t<style>\/*! elementor - v3.6.5 - 27-04-2022 *\/\n.elementor-widget-text-editor.elementor-drop-cap-view-stacked .elementor-drop-cap{background-color:#818a91;color:#fff}.elementor-widget-text-editor.elementor-drop-cap-view-framed .elementor-drop-cap{color:#818a91;border:3px solid;background-color:transparent}.elementor-widget-text-editor:not(.elementor-drop-cap-view-default) .elementor-drop-cap{margin-top:8px}.elementor-widget-text-editor:not(.elementor-drop-cap-view-default) .elementor-drop-cap-letter{width:1em;height:1em}.elementor-widget-text-editor .elementor-drop-cap{float:left;text-align:center;line-height:1;font-size:50px}.elementor-widget-text-editor .elementor-drop-cap-letter{display:inline-block}<\/style>\t\t\t\t<p><strong>Klassische Massage.<\/strong> Massage des ganzen K\u00f6rpers mit warmem \u00d6l. Das Ziel der Behandlung ist es, das Wohlbefinden zu verbessern und m\u00fcde Muskeln zu entspannen. Die Massage baut Stress und starke Muskelverspannungen ab.<\/p><p><em>60 Min \/ 250 PLN<\/em><\/p><p><strong>Verspannungen in der Nacken-, R\u00fccken- und Kopfmuskulatur zu l\u00f6sen.<\/strong> Nat\u00fcrliches Feuer oder Vakuumbecher helfen bei der Entspannung, die Art der Schr\u00f6pfung am K\u00f6rper h\u00e4ngt vom Schmerzproblem, der zu massierenden K\u00f6rperstelle und der anatomischen Struktur ab \u2013 das sind Glas-, Bambus- oder tibetische Becher.<\/p><p><em>60 <\/em><em>Min<\/em><em> \/ 250 PLN\u00a0 <\/em><\/p><p><strong>Aromatische Massage Kerze. <\/strong>Entspannende Massage des ganzen K\u00f6rpers mit einer warmen Kerze mit dem Duft von frischer Mango oder s\u00fc\u00dfem Pinacolada, so dass die Haut weich, glatt und samtig wird.<\/p><p><em>60 Min \/ 300 PLN<\/em><\/p><p><strong>Aromatische Entspannungsmassage.<\/strong> Massage f\u00fcr die Sinne \u2013 ein Angebot f\u00fcr Duftliebhaber. Es handelt sich um eine entspannende Ganzk\u00f6rpermassage mit nat\u00fcrlichen \u00e4therischen \u00d6len, die mit nat\u00fcrlichen \u00d6len durchgef\u00fchrt wird. Entscheiden Sie selbst, welcher Duft Ihre Sinne beruhigt. Wir empfehlen diese Massage besonders Menschen, die eine tiefe Entspannung ben\u00f6tigen.<\/p><p><em>60 Min \/ 280 PLN<\/em><\/p><p><strong>Mit warmer Magnolienbutter einmassieren.<\/strong> Entspannende Ganzk\u00f6rpermassage mit Kopf- und Fu\u00dfmassage, die in einen Zustand tiefer Entspannung f\u00fchrt. Mit warmer Butter durchgef\u00fchrt, spendet sie dem K\u00f6rper Feuchtigkeit und pflegt die Haut.<\/p><p><em>60 Min \/ 300 PLN<\/em><\/p><p><strong>Massage mit Peeling mit dem Duft von saftiger Mango\/Schokolade und sizilianischer Orange.<\/strong> Die Behandlung beginnt mit einem Zuckerpeeling, das die Epidermis sanft peelt und Ihrem K\u00f6rper seine samtige Gl\u00e4tte, seinen nat\u00fcrlichen Glanz und sein sch\u00f6nes Aussehen zur\u00fcckgibt. Anschlie\u00dfend beruhigt eine entspannende Massage mit aromatischer Butter Ihre Sinne und sorgt f\u00fcr die richtige Feuchtigkeitsversorgung.<\/p><p><em>90 Min \/ 350 PLN<\/em><\/p><p>\u00a0<\/p>\t\t\t\t\t\t<\/div>\n\t\t\t\t<\/div>\n\t\t\t\t<div class=\"elementor-element elementor-element-1459ec5 elementor-widget elementor-widget-heading\" data-id=\"1459ec5\" data-element_type=\"widget\" data-widget_type=\"heading.default\">\n\t\t\t\t<div class=\"elementor-widget-container\">\n\t\t\t<h2 class=\"elementor-heading-title elementor-size-default\">K\u00f6rper Behandlungen<\/h2>\t\t<\/div>\n\t\t\t\t<\/div>\n\t\t\t\t<div class=\"elementor-element elementor-element-6282a1b elementor-widget elementor-widget-text-editor\" data-id=\"6282a1b\" data-element_type=\"widget\" data-widget_type=\"text-editor.default\">\n\t\t\t\t<div class=\"elementor-widget-container\">\n\t\t\t\t\t\t\t<p><strong>Balinesische Massage.<\/strong> Eine f\u00fcr die exotische Insel Bali typische Massage, die K\u00f6rper und Geist in einen Zustand v\u00f6lliger Harmonie und damit in einen Zustand von Gesundheit und Wohlbefinden, Frieden und spiritueller Erneuerung bringt. Diese Massage ist eine der \u00e4ltesten Techniken zur traditionellen Behandlung vieler Beschwerden. Es kombiniert Elemente der Akupressur, Reflexzonenmassage und Aromatherapie. Die balinesische Massage entspannt verspannte Muskeln und lindert \u00c4ngste und Druckgef\u00fchle.<\/p><p><em>90 <\/em><em>Min \/ 350 PLN<\/em><\/p><p><strong>\u00c4gyptische Massage plus Algenmaske.<\/strong> Es handelt sich um eine entspannende Massage mit Elementen zur Dehnung der Gelenke. Je nach Veranlagung und Bed\u00fcrfnissen Ihres K\u00f6rpers passen wir die Massageform und den Massagedruck an. Empfohlen sowohl f\u00fcr Sportler als auch f\u00fcr Menschen, die einen sitzenden Lebensstil f\u00fchren. F\u00fcr die Massage werden nat\u00fcrliche Mineral\u00f6le und Aroma\u00f6le verwendet.<\/p><p><em>90 <\/em><em>Min \/ 350 PLN<\/em><\/p><p><strong>Therapie-Ritual mit hei\u00dfen Steinen.<\/strong> Therapeutische und entspannende Massage mit warmen vulkanischen Lavasteinen in Kombination mit manueller Technik. Das Ziel der Behandlung ist es, das Gewebe zu erw\u00e4rmen und dann durch die Techniken der klassischen Massage die Muskeln zu entspannen. Die Behandlung wird mit warmem Bambus und Limonen\u00f6l durchgef\u00fchrt. Die Behandlung ist f\u00fcr Menschen mit chronischem Muskeltonus und zur Entspannung gedacht.\u00a0<\/p><p><em>60 Min<\/em><em> \/ 300 PLN\u00a0\u00a0 <\/em><\/p>\t\t\t\t\t\t<\/div>\n\t\t\t\t<\/div>\n\t\t\t\t<div class=\"elementor-element elementor-element-fab5df5 elementor-widget elementor-widget-heading\" data-id=\"fab5df5\" data-element_type=\"widget\" data-widget_type=\"heading.default\">\n\t\t\t\t<div class=\"elementor-widget-container\">\n\t\t\t<h2 class=\"elementor-heading-title elementor-size-default\">Gesichtsmassagen<\/h2>\t\t<\/div>\n\t\t\t\t<\/div>\n\t\t\t\t<div class=\"elementor-element elementor-element-b1eaf21 elementor-widget elementor-widget-text-editor\" data-id=\"b1eaf21\" data-element_type=\"widget\" data-widget_type=\"text-editor.default\">\n\t\t\t\t<div class=\"elementor-widget-container\">\n\t\t\t\t\t\t\t<p><strong>Kobido-Lifting-Gesichtsmassage plus Algenmaske.\u00a0<\/strong> Eine japanische Gesichts- und Nackenmassagetechnik, die eine v\u00f6llig nat\u00fcrliche und nicht-invasive Alternative zu Behandlungen der \u00e4sthetischen Medizin darstellt. Es besteht aus mehreren Phasen, die schnelle und intensive Bewegungen beinhalten. Es ist \u00e4u\u00dferst entspannend und entspannend. Bei der Massage werden die Muskeln gelockert und die Haut gestrafft, so dass sie ihr jugendliches Aussehen zur\u00fcckerh\u00e4lt. Ziel der Massage ist es, einzelne Gesichtspartien zu entspannen, f\u00fcr eine spektakul\u00e4re Straffung zu sorgen und die Produktion von Kollagen und Elastin anzuregen. Der Effekt ist bereits nach der ersten Behandlung sichtbar.<\/p><p><em>90 Min<\/em><em> \/ 350 PLN<\/em><\/p><p><strong>Gesichtspflegebehandlung plus Paraffin f\u00fcr die H\u00e4nde mit regenerierender Maske.<\/strong> Die Behandlung wird f\u00fcr alle Hauttypen empfohlen und ist ideal f\u00fcr reife Haut mit zahlreichen Falten und Furchen. Durch die Verwendung eines synthetischen Peptids, das die Wirkung von Schlangengift imitiert, wirkt die Maske festigend und straffend. Verbessert sofort die Hautstruktur, strafft und reduziert die Sichtbarkeit von Falten.<\/p><p><em>60 Min \/ 300 PLN\u00a0 \u00a0 \u00a0 \u00a0\u00a0<\/em><\/p>\t\t\t\t\t\t<\/div>\n\t\t\t\t<\/div>\n\t\t\t\t<div class=\"elementor-element elementor-element-5d68a84 elementor-widget elementor-widget-text-editor\" data-id=\"5d68a84\" data-element_type=\"widget\" data-widget_type=\"text-editor.default\">\n\t\t\t\t<div class=\"elementor-widget-container\">\n\t\t\t\t\t\t\t\t\t\t\t\t\t<\/div>\n\t\t\t\t<\/div>\n\t\t\t\t\t<\/div>\n\t\t<\/div>\n\t\t\t\t\t\t\t<\/div>\n\t\t<\/section>\n\t\t\t\t<section class=\"elementor-section elementor-top-section elementor-element elementor-element-ffbadfd elementor-section-boxed elementor-section-height-default elementor-section-height-default\" data-id=\"ffbadfd\" data-element_type=\"section\">\n\t\t\t\t\t\t<div class=\"elementor-container elementor-column-gap-default\">\n\t\t\t\t\t<div class=\"elementor-column elementor-col-100 elementor-top-column elementor-element elementor-element-7cfd698\" data-id=\"7cfd698\" data-element_type=\"column\">\n\t\t\t<div class=\"elementor-widget-wrap elementor-element-populated\">\n\t\t\t\t\t\t\t\t<div class=\"elementor-element elementor-element-9877256 elementor-widget elementor-widget-text-editor\" data-id=\"9877256\" data-element_type=\"widget\" data-widget_type=\"text-editor.default\">\n\t\t\t\t<div class=\"elementor-widget-container\">\n\t\t\t\t\t\t\t<p><strong>Wellness Angebote stehen alles G\u00e4sten von Ataraxia zur Verf\u00fcgung. Professionelle Massagen werden von einem erfahrenen Physiotherapeuten durchgef\u00fchrt. Behandlungen erfordern eine vorherige Reservierung, die am besten im Voraus telefonisch erfolgt.<\/strong><\/p><p>\u00a0<\/p>\t\t\t\t\t\t<\/div>\n\t\t\t\t<\/div>\n\t\t\t\t<div class=\"elementor-element elementor-element-580337d elementor-widget elementor-widget-text-editor\" data-id=\"580337d\" data-element_type=\"widget\" data-widget_type=\"text-editor.default\">\n\t\t\t\t<div class=\"elementor-widget-container\">\n\t\t\t\t\t\t\t<p>Tel.\u00a0 <strong>512 271 668<\/strong><\/p>\t\t\t\t\t\t<\/div>\n\t\t\t\t<\/div>\n\t\t\t\t<div class=\"elementor-element elementor-element-af37476 elementor-widget elementor-widget-text-editor\" data-id=\"af37476\" data-element_type=\"widget\" data-widget_type=\"text-editor.default\">\n\t\t\t\t<div class=\"elementor-widget-container\">\n\t\t\t\t\t\t\t<h1><strong>Viel Vergn\u00fcgen und eine gute Entspannung!<\/strong><\/h1>\t\t\t\t\t\t<\/div>\n\t\t\t\t<\/div>\n\t\t\t\t\t<\/div>\n\t\t<\/div>\n\t\t\t\t\t\t\t<\/div>\n\t\t<\/section>\n\t\t\t\t\t\t\t<\/div>\n\t\t","protected":false},"excerpt":{"rendered":"<p>Wellness Angebote Massagen Klassische Massage. Massage des ganzen K\u00f6rpers mit warmem \u00d6l. Das Ziel der Behandlung ist es, das Wohlbefinden zu verbessern und m\u00fcde Muskeln zu entspannen. Die Massage baut Stress und starke Muskelverspannungen ab. 60 Min \/ 250 PLN Verspannungen in der Nacken-, R\u00fccken- und Kopfmuskulatur zu l\u00f6sen. Nat\u00fcrliches Feuer oder Vakuumbecher helfen bei &#8230; <a title=\"Spa DE\" class=\"read-more\" href=\"https:\/\/ataraxia-gledy.com\/de\/spa-de\/\" aria-label=\"Mehr dazu unter Spa DE\">Weiterlesen<\/a><\/p>\n","protected":false},"author":2,"featured_media":0,"parent":0,"menu_order":0,"comment_status":"closed","ping_status":"closed","template":"","meta":{"_generate-full-width-content":""},"yoast_head":"<!-- This site is optimized with the Yoast SEO plugin v18.2 - https:\/\/yoast.com\/wordpress\/plugins\/seo\/ -->\r\n<title>Spa DE - Ataraxia<\/title>\r\n<meta name=\"robots\" content=\"index, follow, max-snippet:-1, max-image-preview:large, max-video-preview:-1\" \/>\r\n<link rel=\"canonical\" href=\"https:\/\/ataraxia-gledy.com\/de\/spa-de\/\" \/>\r\n<meta property=\"og:locale\" content=\"de_DE\" \/>\r\n<meta property=\"og:type\" content=\"article\" \/>\r\n<meta property=\"og:title\" content=\"Spa DE - Ataraxia\" \/>\r\n<meta property=\"og:description\" content=\"Wellness Angebote Massagen Klassische Massage. Massage des ganzen K\u00f6rpers mit warmem \u00d6l. Das Ziel der Behandlung ist es, das Wohlbefinden zu verbessern und m\u00fcde Muskeln zu entspannen. Die Massage baut Stress und starke Muskelverspannungen ab. 60 Min \/ 250 PLN Verspannungen in der Nacken-, R\u00fccken- und Kopfmuskulatur zu l\u00f6sen. Nat\u00fcrliches Feuer oder Vakuumbecher helfen bei ... Weiterlesen\" \/>\r\n<meta property=\"og:url\" content=\"https:\/\/ataraxia-gledy.com\/de\/spa-de\/\" \/>\r\n<meta property=\"og:site_name\" content=\"Ataraxia\" \/>\r\n<meta property=\"article:modified_time\" content=\"2024-05-28T19:43:22+00:00\" \/>\r\n<meta name=\"twitter:card\" content=\"summary_large_image\" \/>\r\n<meta name=\"twitter:label1\" content=\"Gesch\u00e4tzte Lesezeit\" \/>\n\t<meta name=\"twitter:data1\" content=\"4\u00a0Minuten\" \/>\r\n<script type=\"application\/ld+json\" class=\"yoast-schema-graph\">{\"@context\":\"https:\/\/schema.org\",\"@graph\":[{\"@type\":\"WebSite\",\"@id\":\"https:\/\/ataraxia-gledy.com\/#website\",\"url\":\"https:\/\/ataraxia-gledy.com\/\",\"name\":\"Ataraxia\",\"description\":\"Mini dworek na Mazurach - The Mini Mansion in Masuria\",\"potentialAction\":[{\"@type\":\"SearchAction\",\"target\":{\"@type\":\"EntryPoint\",\"urlTemplate\":\"https:\/\/ataraxia-gledy.com\/?s={search_term_string}\"},\"query-input\":\"required name=search_term_string\"}],\"inLanguage\":\"de\"},{\"@type\":\"WebPage\",\"@id\":\"https:\/\/ataraxia-gledy.com\/de\/spa-de\/#webpage\",\"url\":\"https:\/\/ataraxia-gledy.com\/de\/spa-de\/\",\"name\":\"Spa DE - Ataraxia\",\"isPartOf\":{\"@id\":\"https:\/\/ataraxia-gledy.com\/#website\"},\"datePublished\":\"2022-11-19T12:01:29+00:00\",\"dateModified\":\"2024-05-28T19:43:22+00:00\",\"breadcrumb\":{\"@id\":\"https:\/\/ataraxia-gledy.com\/de\/spa-de\/#breadcrumb\"},\"inLanguage\":\"de\",\"potentialAction\":[{\"@type\":\"ReadAction\",\"target\":[\"https:\/\/ataraxia-gledy.com\/de\/spa-de\/\"]}]},{\"@type\":\"BreadcrumbList\",\"@id\":\"https:\/\/ataraxia-gledy.com\/de\/spa-de\/#breadcrumb\",\"itemListElement\":[{\"@type\":\"ListItem\",\"position\":1,\"name\":\"Home\",\"item\":\"https:\/\/ataraxia-gledy.com\/\"},{\"@type\":\"ListItem\",\"position\":2,\"name\":\"Spa DE\"}]}]}<\/script>\r\n<!-- \/ Yoast SEO plugin. -->","yoast_head_json":{"title":"Spa DE - Ataraxia","robots":{"index":"index","follow":"follow","max-snippet":"max-snippet:-1","max-image-preview":"max-image-preview:large","max-video-preview":"max-video-preview:-1"},"canonical":"https:\/\/ataraxia-gledy.com\/de\/spa-de\/","og_locale":"de_DE","og_type":"article","og_title":"Spa DE - Ataraxia","og_description":"Wellness Angebote Massagen Klassische Massage. Massage des ganzen K\u00f6rpers mit warmem \u00d6l. Das Ziel der Behandlung ist es, das Wohlbefinden zu verbessern und m\u00fcde Muskeln zu entspannen. Die Massage baut Stress und starke Muskelverspannungen ab. 60 Min \/ 250 PLN Verspannungen in der Nacken-, R\u00fccken- und Kopfmuskulatur zu l\u00f6sen. Nat\u00fcrliches Feuer oder Vakuumbecher helfen bei ... Weiterlesen","og_url":"https:\/\/ataraxia-gledy.com\/de\/spa-de\/","og_site_name":"Ataraxia","article_modified_time":"2024-05-28T19:43:22+00:00","twitter_card":"summary_large_image","twitter_misc":{"Gesch\u00e4tzte Lesezeit":"4\u00a0Minuten"},"schema":{"@context":"https:\/\/schema.org","@graph":[{"@type":"WebSite","@id":"https:\/\/ataraxia-gledy.com\/#website","url":"https:\/\/ataraxia-gledy.com\/","name":"Ataraxia","description":"Mini dworek na Mazurach - The Mini Mansion in Masuria","potentialAction":[{"@type":"SearchAction","target":{"@type":"EntryPoint","urlTemplate":"https:\/\/ataraxia-gledy.com\/?s={search_term_string}"},"query-input":"required name=search_term_string"}],"inLanguage":"de"},{"@type":"WebPage","@id":"https:\/\/ataraxia-gledy.com\/de\/spa-de\/#webpage","url":"https:\/\/ataraxia-gledy.com\/de\/spa-de\/","name":"Spa DE - Ataraxia","isPartOf":{"@id":"https:\/\/ataraxia-gledy.com\/#website"},"datePublished":"2022-11-19T12:01:29+00:00","dateModified":"2024-05-28T19:43:22+00:00","breadcrumb":{"@id":"https:\/\/ataraxia-gledy.com\/de\/spa-de\/#breadcrumb"},"inLanguage":"de","potentialAction":[{"@type":"ReadAction","target":["https:\/\/ataraxia-gledy.com\/de\/spa-de\/"]}]},{"@type":"BreadcrumbList","@id":"https:\/\/ataraxia-gledy.com\/de\/spa-de\/#breadcrumb","itemListElement":[{"@type":"ListItem","position":1,"name":"Home","item":"https:\/\/ataraxia-gledy.com\/"},{"@type":"ListItem","position":2,"name":"Spa DE"}]}]}},"_links":{"self":[{"href":"https:\/\/ataraxia-gledy.com\/de\/wp-json\/wp\/v2\/pages\/2368"}],"collection":[{"href":"https:\/\/ataraxia-gledy.com\/de\/wp-json\/wp\/v2\/pages"}],"about":[{"href":"https:\/\/ataraxia-gledy.com\/de\/wp-json\/wp\/v2\/types\/page"}],"author":[{"embeddable":true,"href":"https:\/\/ataraxia-gledy.com\/de\/wp-json\/wp\/v2\/users\/2"}],"replies":[{"embeddable":true,"href":"https:\/\/ataraxia-gledy.com\/de\/wp-json\/wp\/v2\/comments?post=2368"}],"version-history":[{"count":10,"href":"https:\/\/ataraxia-gledy.com\/de\/wp-json\/wp\/v2\/pages\/2368\/revisions"}],"predecessor-version":[{"id":2456,"href":"https:\/\/ataraxia-gledy.com\/de\/wp-json\/wp\/v2\/pages\/2368\/revisions\/2456"}],"wp:attachment":[{"href":"https:\/\/ataraxia-gledy.com\/de\/wp-json\/wp\/v2\/media?parent=2368"}],"curies":[{"name":"wp","href":"https:\/\/api.w.org\/{rel}","templated":true}]}}