{"id":598,"date":"2020-05-19T11:24:16","date_gmt":"2020-05-19T11:24:16","guid":{"rendered":"https:\/\/ataraxia-gledy.com\/rezerwacja\/"},"modified":"2022-06-01T16:19:53","modified_gmt":"2022-06-01T14:19:53","slug":"reservierung","status":"publish","type":"page","link":"https:\/\/ataraxia-gledy.com\/de\/reservierung\/","title":{"rendered":"Reservierung"},"content":{"rendered":"\t\t<div data-elementor-type=\"wp-page\" data-elementor-id=\"598\" class=\"elementor elementor-598 elementor-62\">\n\t\t\t\t\t\t\t\t\t<section class=\"elementor-section elementor-top-section elementor-element elementor-element-1bb18b5 elementor-section-boxed elementor-section-height-default elementor-section-height-default\" data-id=\"1bb18b5\" data-element_type=\"section\">\n\t\t\t\t\t\t<div class=\"elementor-container elementor-column-gap-default\">\n\t\t\t\t\t<div class=\"elementor-column elementor-col-100 elementor-top-column elementor-element elementor-element-d7eeae4\" data-id=\"d7eeae4\" data-element_type=\"column\">\n\t\t\t<div class=\"elementor-widget-wrap elementor-element-populated\">\n\t\t\t\t\t\t\t\t<div class=\"elementor-element elementor-element-0ecb7d5 elementor-widget elementor-widget-heading\" data-id=\"0ecb7d5\" data-element_type=\"widget\" data-widget_type=\"heading.default\">\n\t\t\t\t<div class=\"elementor-widget-container\">\n\t\t\t<style>\/*! elementor - v3.6.5 - 27-04-2022 *\/\n.elementor-heading-title{padding:0;margin:0;line-height:1}.elementor-widget-heading .elementor-heading-title[class*=elementor-size-]>a{color:inherit;font-size:inherit;line-height:inherit}.elementor-widget-heading .elementor-heading-title.elementor-size-small{font-size:15px}.elementor-widget-heading .elementor-heading-title.elementor-size-medium{font-size:19px}.elementor-widget-heading .elementor-heading-title.elementor-size-large{font-size:29px}.elementor-widget-heading .elementor-heading-title.elementor-size-xl{font-size:39px}.elementor-widget-heading .elementor-heading-title.elementor-size-xxl{font-size:59px}<\/style><h2 class=\"elementor-heading-title elementor-size-default\">Wir freuen uns Sie bei uns begr\u00fc\u00dfen zu d\u00fcrfen<\/h2>\t\t<\/div>\n\t\t\t\t<\/div>\n\t\t\t\t\t<\/div>\n\t\t<\/div>\n\t\t\t\t\t\t\t<\/div>\n\t\t<\/section>\n\t\t\t\t<section class=\"elementor-section elementor-top-section elementor-element elementor-element-555b911 elementor-section-boxed elementor-section-height-default elementor-section-height-default\" data-id=\"555b911\" data-element_type=\"section\">\n\t\t\t\t\t\t<div class=\"elementor-container elementor-column-gap-default\">\n\t\t\t\t\t<div class=\"elementor-column elementor-col-33 elementor-top-column elementor-element elementor-element-5186a4e\" data-id=\"5186a4e\" data-element_type=\"column\">\n\t\t\t<div class=\"elementor-widget-wrap elementor-element-populated\">\n\t\t\t\t\t\t\t\t<div class=\"elementor-element elementor-element-6fb8010 elementor-view-default elementor-mobile-position-top elementor-vertical-align-top elementor-widget elementor-widget-icon-box\" data-id=\"6fb8010\" data-element_type=\"widget\" data-widget_type=\"icon-box.default\">\n\t\t\t\t<div class=\"elementor-widget-container\">\n\t\t\t<link rel=\"stylesheet\" href=\"https:\/\/ataraxia-gledy.com\/wp-content\/plugins\/elementor\/assets\/css\/widget-icon-box.min.css\">\t\t<div class=\"elementor-icon-box-wrapper\">\n\t\t\t\t\t\t<div class=\"elementor-icon-box-icon\">\n\t\t\t\t<span class=\"elementor-icon elementor-animation-\" >\n\t\t\t\t<i aria-hidden=\"true\" class=\"fas fa-mobile-alt\"><\/i>\t\t\t\t<\/span>\n\t\t\t<\/div>\n\t\t\t\t\t\t<div class=\"elementor-icon-box-content\">\n\t\t\t\t<h3 class=\"elementor-icon-box-title\">\n\t\t\t\t\t<span  >\n\t\t\t\t\t\t+48 509 058 444 <br> +48 662 218 324\t\t\t\t\t<\/span>\n\t\t\t\t<\/h3>\n\t\t\t\t\t\t\t\t\t<p class=\"elementor-icon-box-description\">\n\t\t\t\t\t\tTelefon von 8 bis 20 Uhr \t\t\t\t\t<\/p>\n\t\t\t\t\t\t\t<\/div>\n\t\t<\/div>\n\t\t\t\t<\/div>\n\t\t\t\t<\/div>\n\t\t\t\t\t<\/div>\n\t\t<\/div>\n\t\t\t\t<div class=\"elementor-column elementor-col-33 elementor-top-column elementor-element elementor-element-90db8ac\" data-id=\"90db8ac\" data-element_type=\"column\">\n\t\t\t<div class=\"elementor-widget-wrap elementor-element-populated\">\n\t\t\t\t\t\t\t\t<div class=\"elementor-element elementor-element-3e969c1 elementor-view-default elementor-mobile-position-top elementor-vertical-align-top elementor-widget elementor-widget-icon-box\" data-id=\"3e969c1\" data-element_type=\"widget\" data-widget_type=\"icon-box.default\">\n\t\t\t\t<div class=\"elementor-widget-container\">\n\t\t\t\t\t<div class=\"elementor-icon-box-wrapper\">\n\t\t\t\t\t\t<div class=\"elementor-icon-box-icon\">\n\t\t\t\t<span class=\"elementor-icon elementor-animation-\" >\n\t\t\t\t<i aria-hidden=\"true\" class=\"far fa-envelope\"><\/i>\t\t\t\t<\/span>\n\t\t\t<\/div>\n\t\t\t\t\t\t<div class=\"elementor-icon-box-content\">\n\t\t\t\t<h3 class=\"elementor-icon-box-title\">\n\t\t\t\t\t<span  >\n\t\t\t\t\t\tj.wolska@ataraxia-gledy.com\t\t\t\t\t<\/span>\n\t\t\t\t<\/h3>\n\t\t\t\t\t\t\t<\/div>\n\t\t<\/div>\n\t\t\t\t<\/div>\n\t\t\t\t<\/div>\n\t\t\t\t\t<\/div>\n\t\t<\/div>\n\t\t\t\t<div class=\"elementor-column elementor-col-33 elementor-top-column elementor-element elementor-element-10cd92c\" data-id=\"10cd92c\" data-element_type=\"column\">\n\t\t\t<div class=\"elementor-widget-wrap elementor-element-populated\">\n\t\t\t\t\t\t\t\t<div class=\"elementor-element elementor-element-e3dfc33 elementor-view-default elementor-mobile-position-top elementor-vertical-align-top elementor-widget elementor-widget-icon-box\" data-id=\"e3dfc33\" data-element_type=\"widget\" data-widget_type=\"icon-box.default\">\n\t\t\t\t<div class=\"elementor-widget-container\">\n\t\t\t\t\t<div class=\"elementor-icon-box-wrapper\">\n\t\t\t\t\t\t<div class=\"elementor-icon-box-icon\">\n\t\t\t\t<span class=\"elementor-icon elementor-animation-\" >\n\t\t\t\t<i aria-hidden=\"true\" class=\"far fa-map\"><\/i>\t\t\t\t<\/span>\n\t\t\t<\/div>\n\t\t\t\t\t\t<div class=\"elementor-icon-box-content\">\n\t\t\t\t<h3 class=\"elementor-icon-box-title\">\n\t\t\t\t\t<span  >\n\t\t\t\t\t\tGl\u0119dy 10, 14-105 \u0141ukta\t\t\t\t\t<\/span>\n\t\t\t\t<\/h3>\n\t\t\t\t\t\t\t<\/div>\n\t\t<\/div>\n\t\t\t\t<\/div>\n\t\t\t\t<\/div>\n\t\t\t\t\t<\/div>\n\t\t<\/div>\n\t\t\t\t\t\t\t<\/div>\n\t\t<\/section>\n\t\t\t\t<section class=\"elementor-section elementor-top-section elementor-element elementor-element-f10f3dd elementor-section-boxed elementor-section-height-default elementor-section-height-default\" data-id=\"f10f3dd\" data-element_type=\"section\">\n\t\t\t\t\t\t<div class=\"elementor-container elementor-column-gap-default\">\n\t\t\t\t\t<div class=\"elementor-column elementor-col-33 elementor-top-column elementor-element elementor-element-71f7690\" data-id=\"71f7690\" data-element_type=\"column\">\n\t\t\t<div class=\"elementor-widget-wrap\">\n\t\t\t\t\t\t\t\t\t<\/div>\n\t\t<\/div>\n\t\t\t\t<div class=\"elementor-column elementor-col-33 elementor-top-column elementor-element elementor-element-7120d8a\" data-id=\"7120d8a\" data-element_type=\"column\">\n\t\t\t<div class=\"elementor-widget-wrap elementor-element-populated\">\n\t\t\t\t\t\t\t\t<div class=\"elementor-element elementor-element-76cef22 elementor-view-default elementor-mobile-position-top elementor-vertical-align-top elementor-widget elementor-widget-icon-box\" data-id=\"76cef22\" data-element_type=\"widget\" data-widget_type=\"icon-box.default\">\n\t\t\t\t<div class=\"elementor-widget-container\">\n\t\t\t\t\t<div class=\"elementor-icon-box-wrapper\">\n\t\t\t\t\t\t<div class=\"elementor-icon-box-icon\">\n\t\t\t\t<span class=\"elementor-icon elementor-animation-\" >\n\t\t\t\t<i aria-hidden=\"true\" class=\"fab fa-facebook-f\"><\/i>\t\t\t\t<\/span>\n\t\t\t<\/div>\n\t\t\t\t\t\t<div class=\"elementor-icon-box-content\">\n\t\t\t\t<h3 class=\"elementor-icon-box-title\">\n\t\t\t\t\t<span  >\n\t\t\t\t\t\t<a href=\"https:\/\/www.facebook.com\/ataraxiagledy\" target=\"_blank\">Klicken Sie und besuchen Sie uns auf Facebook<\/a>\t\t\t\t\t<\/span>\n\t\t\t\t<\/h3>\n\t\t\t\t\t\t\t<\/div>\n\t\t<\/div>\n\t\t\t\t<\/div>\n\t\t\t\t<\/div>\n\t\t\t\t\t<\/div>\n\t\t<\/div>\n\t\t\t\t<div class=\"elementor-column elementor-col-33 elementor-top-column elementor-element elementor-element-c05dd61\" data-id=\"c05dd61\" data-element_type=\"column\">\n\t\t\t<div class=\"elementor-widget-wrap\">\n\t\t\t\t\t\t\t\t\t<\/div>\n\t\t<\/div>\n\t\t\t\t\t\t\t<\/div>\n\t\t<\/section>\n\t\t\t\t<section class=\"elementor-section elementor-top-section elementor-element elementor-element-e2662f6 elementor-section-boxed elementor-section-height-default elementor-section-height-default\" data-id=\"e2662f6\" data-element_type=\"section\">\n\t\t\t\t\t\t<div class=\"elementor-container elementor-column-gap-default\">\n\t\t\t\t\t<div class=\"elementor-column elementor-col-100 elementor-top-column elementor-element elementor-element-c054b62\" data-id=\"c054b62\" data-element_type=\"column\">\n\t\t\t<div class=\"elementor-widget-wrap elementor-element-populated\">\n\t\t\t\t\t\t\t\t<div class=\"elementor-element elementor-element-b118499 elementor-widget elementor-widget-text-editor\" data-id=\"b118499\" data-element_type=\"widget\" data-widget_type=\"text-editor.default\">\n\t\t\t\t<div class=\"elementor-widget-container\">\n\t\t\t<style>\/*! elementor - v3.6.5 - 27-04-2022 *\/\n.elementor-widget-text-editor.elementor-drop-cap-view-stacked .elementor-drop-cap{background-color:#818a91;color:#fff}.elementor-widget-text-editor.elementor-drop-cap-view-framed .elementor-drop-cap{color:#818a91;border:3px solid;background-color:transparent}.elementor-widget-text-editor:not(.elementor-drop-cap-view-default) .elementor-drop-cap{margin-top:8px}.elementor-widget-text-editor:not(.elementor-drop-cap-view-default) .elementor-drop-cap-letter{width:1em;height:1em}.elementor-widget-text-editor .elementor-drop-cap{float:left;text-align:center;line-height:1;font-size:50px}.elementor-widget-text-editor .elementor-drop-cap-letter{display:inline-block}<\/style>\t\t\t\t<p>Eine Beschreibung unserer Zimmer finden Sie unter <a href=\"https:\/\/ataraxia-gledy.com\/de\/unterkunft\/\">R\u00e4umlichkeiten<\/a>.<\/p><p>Bitte z\u00f6gern Sie nicht, uns zu fragen, wenn Sie etwas zu Ataraxia und Masuren wissen wollen. Wir sind f\u00fcr Sie da.<\/p><p>Wenn Sie nach Ataraxia fahren, folgen Sie bitte dem auf dem Foto unten gezeigten Wegweiser<\/p>\t\t\t\t\t\t<\/div>\n\t\t\t\t<\/div>\n\t\t\t\t<div class=\"elementor-element elementor-element-edf6ff4 elementor-widget elementor-widget-image\" data-id=\"edf6ff4\" data-element_type=\"widget\" data-widget_type=\"image.default\">\n\t\t\t\t<div class=\"elementor-widget-container\">\n\t\t\t<style>\/*! elementor - v3.6.5 - 27-04-2022 *\/\n.elementor-widget-image{text-align:center}.elementor-widget-image a{display:inline-block}.elementor-widget-image a img[src$=\".svg\"]{width:48px}.elementor-widget-image img{vertical-align:middle;display:inline-block}<\/style>\t\t\t\t\t\t\t\t\t\t\t\t<img width=\"1024\" height=\"534\" src=\"https:\/\/ataraxia-gledy.com\/wp-content\/uploads\/2022\/06\/drogowskaz.jpg\" class=\"attachment-large size-large\" alt=\"\" loading=\"lazy\" srcset=\"https:\/\/ataraxia-gledy.com\/wp-content\/uploads\/2022\/06\/drogowskaz.jpg 1024w, https:\/\/ataraxia-gledy.com\/wp-content\/uploads\/2022\/06\/drogowskaz-300x156.jpg 300w, https:\/\/ataraxia-gledy.com\/wp-content\/uploads\/2022\/06\/drogowskaz-768x401.jpg 768w\" sizes=\"(max-width: 1024px) 100vw, 1024px\" \/>\t\t\t\t\t\t\t\t\t\t\t\t\t\t\t<\/div>\n\t\t\t\t<\/div>\n\t\t\t\t\t<\/div>\n\t\t<\/div>\n\t\t\t\t\t\t\t<\/div>\n\t\t<\/section>\n\t\t\t\t<section class=\"elementor-section elementor-top-section elementor-element elementor-element-79b3e10 elementor-section-boxed elementor-section-height-default elementor-section-height-default\" data-id=\"79b3e10\" data-element_type=\"section\">\n\t\t\t\t\t\t<div class=\"elementor-container elementor-column-gap-default\">\n\t\t\t\t\t<div class=\"elementor-column elementor-col-100 elementor-top-column elementor-element elementor-element-6c1d5f8\" data-id=\"6c1d5f8\" data-element_type=\"column\">\n\t\t\t<div class=\"elementor-widget-wrap elementor-element-populated\">\n\t\t\t\t\t\t\t\t<div class=\"elementor-element elementor-element-7c996d4 elementor-widget elementor-widget-text-editor\" data-id=\"7c996d4\" data-element_type=\"widget\" data-widget_type=\"text-editor.default\">\n\t\t\t\t<div class=\"elementor-widget-container\">\n\t\t\t\t\t\t\t<div style=\"width: 100%;\"><iframe loading=\"lazy\" src=\"https:\/\/maps.google.com\/maps?width=100%25&amp;height=400&amp;hl=en&amp;q=ataraxia%20gl%C4%99dy+(My%20Business%20Name)&amp;t=&amp;z=15&amp;ie=UTF8&amp;iwloc=B&amp;output=embed\" width=\"100%\" height=\"400\" frameborder=\"0\" marginwidth=\"0\" marginheight=\"0\" scrolling=\"no\"><a href=\"https:\/\/www.gps.ie\/wearable-gps\/\">adventure gps<\/a><\/iframe><\/div><div>\u00a0<\/div>\t\t\t\t\t\t<\/div>\n\t\t\t\t<\/div>\n\t\t\t\t\t<\/div>\n\t\t<\/div>\n\t\t\t\t\t\t\t<\/div>\n\t\t<\/section>\n\t\t\t\t\t\t\t<\/div>\n\t\t","protected":false},"excerpt":{"rendered":"<p>Wir freuen uns Sie bei uns begr\u00fc\u00dfen zu d\u00fcrfen +48 509 058 444 +48 662 218 324 Telefon von 8 bis 20 Uhr j.wolska@ataraxia-gledy.com Gl\u0119dy 10, 14-105 \u0141ukta Klicken Sie und besuchen Sie uns auf Facebook Eine Beschreibung unserer Zimmer finden Sie unter R\u00e4umlichkeiten. Bitte z\u00f6gern Sie nicht, uns zu fragen, wenn Sie etwas zu &#8230; <a title=\"Reservierung\" class=\"read-more\" href=\"https:\/\/ataraxia-gledy.com\/de\/reservierung\/\" aria-label=\"Mehr dazu unter Reservierung\">Weiterlesen<\/a><\/p>\n","protected":false},"author":1,"featured_media":210,"parent":0,"menu_order":0,"comment_status":"closed","ping_status":"closed","template":"","meta":{"_generate-full-width-content":""},"yoast_head":"<!-- This site is optimized with the Yoast SEO plugin v18.2 - https:\/\/yoast.com\/wordpress\/plugins\/seo\/ -->\r\n<title>Reservierung - Ataraxia<\/title>\r\n<meta name=\"robots\" content=\"index, follow, max-snippet:-1, max-image-preview:large, max-video-preview:-1\" \/>\r\n<link rel=\"canonical\" href=\"https:\/\/ataraxia-gledy.com\/de\/reservering\/\" \/>\r\n<meta property=\"og:locale\" content=\"de_DE\" \/>\r\n<meta property=\"og:type\" content=\"article\" \/>\r\n<meta property=\"og:title\" content=\"Reservierung - Ataraxia\" \/>\r\n<meta property=\"og:description\" content=\"Wir freuen uns Sie bei uns begr\u00fc\u00dfen zu d\u00fcrfen +48 509 058 444 +48 662 218 324 Telefon von 8 bis 20 Uhr j.wolska@ataraxia-gledy.com Gl\u0119dy 10, 14-105 \u0141ukta Klicken Sie und besuchen Sie uns auf Facebook Eine Beschreibung unserer Zimmer finden Sie unter R\u00e4umlichkeiten. Bitte z\u00f6gern Sie nicht, uns zu fragen, wenn Sie etwas zu ... Weiterlesen\" \/>\r\n<meta property=\"og:url\" content=\"https:\/\/ataraxia-gledy.com\/nl\/reservering\/\" \/>\r\n<meta property=\"og:site_name\" content=\"Ataraxia\" \/>\r\n<meta property=\"article:modified_time\" content=\"2022-06-01T14:19:53+00:00\" \/>\r\n<meta property=\"og:image\" content=\"https:\/\/ataraxia-gledy.com\/wp-content\/uploads\/2020\/05\/sunset-klein-f\u00fcr-Webseite.jpg\" \/>\r\n\t<meta property=\"og:image:width\" content=\"1279\" \/>\r\n\t<meta property=\"og:image:height\" content=\"434\" \/>\r\n\t<meta property=\"og:image:type\" content=\"image\/jpeg\" \/>\r\n<meta name=\"twitter:card\" content=\"summary_large_image\" \/>\r\n<meta name=\"twitter:label1\" content=\"Gesch\u00e4tzte Lesezeit\" \/>\n\t<meta name=\"twitter:data1\" content=\"1\u00a0Minute\" \/>\r\n<script type=\"application\/ld+json\" class=\"yoast-schema-graph\">{\"@context\":\"https:\/\/schema.org\",\"@graph\":[{\"@type\":\"WebSite\",\"@id\":\"https:\/\/ataraxia-gledy.com\/#website\",\"url\":\"https:\/\/ataraxia-gledy.com\/\",\"name\":\"Ataraxia\",\"description\":\"Mini dworek na Mazurach - The Mini Mansion in Masuria\",\"potentialAction\":[{\"@type\":\"SearchAction\",\"target\":{\"@type\":\"EntryPoint\",\"urlTemplate\":\"https:\/\/ataraxia-gledy.com\/?s={search_term_string}\"},\"query-input\":\"required name=search_term_string\"}],\"inLanguage\":\"de\"},{\"@type\":\"ImageObject\",\"@id\":\"https:\/\/ataraxia-gledy.com\/nl\/reservering\/#primaryimage\",\"inLanguage\":\"de\",\"url\":\"https:\/\/ataraxia-gledy.com\/wp-content\/uploads\/2020\/05\/sunset-klein-f\u00fcr-Webseite.jpg\",\"contentUrl\":\"https:\/\/ataraxia-gledy.com\/wp-content\/uploads\/2020\/05\/sunset-klein-f\u00fcr-Webseite.jpg\",\"width\":1279,\"height\":434},{\"@type\":\"WebPage\",\"@id\":\"https:\/\/ataraxia-gledy.com\/nl\/reservering\/#webpage\",\"url\":\"https:\/\/ataraxia-gledy.com\/nl\/reservering\/\",\"name\":\"Reservierung - Ataraxia\",\"isPartOf\":{\"@id\":\"https:\/\/ataraxia-gledy.com\/#website\"},\"primaryImageOfPage\":{\"@id\":\"https:\/\/ataraxia-gledy.com\/nl\/reservering\/#primaryimage\"},\"datePublished\":\"2020-05-19T11:24:16+00:00\",\"dateModified\":\"2022-06-01T14:19:53+00:00\",\"breadcrumb\":{\"@id\":\"https:\/\/ataraxia-gledy.com\/nl\/reservering\/#breadcrumb\"},\"inLanguage\":\"de\",\"potentialAction\":[{\"@type\":\"ReadAction\",\"target\":[\"https:\/\/ataraxia-gledy.com\/nl\/reservering\/\"]}]},{\"@type\":\"BreadcrumbList\",\"@id\":\"https:\/\/ataraxia-gledy.com\/nl\/reservering\/#breadcrumb\",\"itemListElement\":[{\"@type\":\"ListItem\",\"position\":1,\"name\":\"Home\",\"item\":\"https:\/\/ataraxia-gledy.com\/\"},{\"@type\":\"ListItem\",\"position\":2,\"name\":\"Reservierung\"}]}]}<\/script>\r\n<!-- \/ Yoast SEO plugin. -->","yoast_head_json":{"title":"Reservierung - Ataraxia","robots":{"index":"index","follow":"follow","max-snippet":"max-snippet:-1","max-image-preview":"max-image-preview:large","max-video-preview":"max-video-preview:-1"},"canonical":"https:\/\/ataraxia-gledy.com\/de\/reservering\/","og_locale":"de_DE","og_type":"article","og_title":"Reservierung - Ataraxia","og_description":"Wir freuen uns Sie bei uns begr\u00fc\u00dfen zu d\u00fcrfen +48 509 058 444 +48 662 218 324 Telefon von 8 bis 20 Uhr j.wolska@ataraxia-gledy.com Gl\u0119dy 10, 14-105 \u0141ukta Klicken Sie und besuchen Sie uns auf Facebook Eine Beschreibung unserer Zimmer finden Sie unter R\u00e4umlichkeiten. Bitte z\u00f6gern Sie nicht, uns zu fragen, wenn Sie etwas zu ... Weiterlesen","og_url":"https:\/\/ataraxia-gledy.com\/nl\/reservering\/","og_site_name":"Ataraxia","article_modified_time":"2022-06-01T14:19:53+00:00","og_image":[{"width":1279,"height":434,"url":"https:\/\/ataraxia-gledy.com\/wp-content\/uploads\/2020\/05\/sunset-klein-f\u00fcr-Webseite.jpg","type":"image\/jpeg"}],"twitter_card":"summary_large_image","twitter_misc":{"Gesch\u00e4tzte Lesezeit":"1\u00a0Minute"},"schema":{"@context":"https:\/\/schema.org","@graph":[{"@type":"WebSite","@id":"https:\/\/ataraxia-gledy.com\/#website","url":"https:\/\/ataraxia-gledy.com\/","name":"Ataraxia","description":"Mini dworek na Mazurach - The Mini Mansion in Masuria","potentialAction":[{"@type":"SearchAction","target":{"@type":"EntryPoint","urlTemplate":"https:\/\/ataraxia-gledy.com\/?s={search_term_string}"},"query-input":"required name=search_term_string"}],"inLanguage":"de"},{"@type":"ImageObject","@id":"https:\/\/ataraxia-gledy.com\/nl\/reservering\/#primaryimage","inLanguage":"de","url":"https:\/\/ataraxia-gledy.com\/wp-content\/uploads\/2020\/05\/sunset-klein-f\u00fcr-Webseite.jpg","contentUrl":"https:\/\/ataraxia-gledy.com\/wp-content\/uploads\/2020\/05\/sunset-klein-f\u00fcr-Webseite.jpg","width":1279,"height":434},{"@type":"WebPage","@id":"https:\/\/ataraxia-gledy.com\/nl\/reservering\/#webpage","url":"https:\/\/ataraxia-gledy.com\/nl\/reservering\/","name":"Reservierung - Ataraxia","isPartOf":{"@id":"https:\/\/ataraxia-gledy.com\/#website"},"primaryImageOfPage":{"@id":"https:\/\/ataraxia-gledy.com\/nl\/reservering\/#primaryimage"},"datePublished":"2020-05-19T11:24:16+00:00","dateModified":"2022-06-01T14:19:53+00:00","breadcrumb":{"@id":"https:\/\/ataraxia-gledy.com\/nl\/reservering\/#breadcrumb"},"inLanguage":"de","potentialAction":[{"@type":"ReadAction","target":["https:\/\/ataraxia-gledy.com\/nl\/reservering\/"]}]},{"@type":"BreadcrumbList","@id":"https:\/\/ataraxia-gledy.com\/nl\/reservering\/#breadcrumb","itemListElement":[{"@type":"ListItem","position":1,"name":"Home","item":"https:\/\/ataraxia-gledy.com\/"},{"@type":"ListItem","position":2,"name":"Reservierung"}]}]}},"_links":{"self":[{"href":"https:\/\/ataraxia-gledy.com\/de\/wp-json\/wp\/v2\/pages\/598"}],"collection":[{"href":"https:\/\/ataraxia-gledy.com\/de\/wp-json\/wp\/v2\/pages"}],"about":[{"href":"https:\/\/ataraxia-gledy.com\/de\/wp-json\/wp\/v2\/types\/page"}],"author":[{"embeddable":true,"href":"https:\/\/ataraxia-gledy.com\/de\/wp-json\/wp\/v2\/users\/1"}],"replies":[{"embeddable":true,"href":"https:\/\/ataraxia-gledy.com\/de\/wp-json\/wp\/v2\/comments?post=598"}],"version-history":[{"count":6,"href":"https:\/\/ataraxia-gledy.com\/de\/wp-json\/wp\/v2\/pages\/598\/revisions"}],"predecessor-version":[{"id":2138,"href":"https:\/\/ataraxia-gledy.com\/de\/wp-json\/wp\/v2\/pages\/598\/revisions\/2138"}],"wp:featuredmedia":[{"embeddable":true,"href":"https:\/\/ataraxia-gledy.com\/de\/wp-json\/wp\/v2\/media\/210"}],"wp:attachment":[{"href":"https:\/\/ataraxia-gledy.com\/de\/wp-json\/wp\/v2\/media?parent=598"}],"curies":[{"name":"wp","href":"https:\/\/api.w.org\/{rel}","templated":true}]}}