{"id":823,"date":"2020-07-26T10:11:38","date_gmt":"2020-07-26T10:11:38","guid":{"rendered":"https:\/\/ataraxia-gledy.com\/?page_id=823"},"modified":"2020-07-28T11:18:38","modified_gmt":"2020-07-28T11:18:38","slug":"nachhaltigkeit-und-soziale-kompetenz","status":"publish","type":"page","link":"https:\/\/ataraxia-gledy.com\/de\/nachhaltigkeit-und-soziale-kompetenz\/","title":{"rendered":"Nachhaltigkeit und Soziale Kompetenz"},"content":{"rendered":"\n<p class=\"has-text-align-center has-medium-font-size\">G\u00e4sten einen angenehmen Aufenthalt bieten, stellt in der heutigen Zeit viele Anforderungen. Die oberste Pr\u00e4misse ist nat\u00fcrlich, dass sich unser Gast wohlf\u00fchlt bei uns, er soll es warm und gem\u00fctlich bei uns haben und uns mit dem Gef\u00fchl wieder verlassen, verw\u00f6hnt worden zu sein.<\/p>\n\n\n\n<div style=\"height:25px\" aria-hidden=\"true\" class=\"wp-block-spacer\"><\/div>\n\n\n\n<div class=\"gb-grid-wrapper gb-grid-wrapper-03e9ad97\">\n<div class=\"gb-grid-column gb-grid-column-e7e88caa\"><div class=\"gb-container gb-container-e7e88caa\"><div class=\"gb-inside-container\">\n<figure class=\"wp-block-image size-large is-resized\"><img loading=\"lazy\" src=\"https:\/\/ataraxia-gledy.com\/wp-content\/uploads\/2020\/07\/46709210_1722196094551357_9207507651729031168_o.jpg\" alt=\"\" class=\"wp-image-827\" width=\"194\" height=\"300\"\/><\/figure>\n<\/div><\/div><\/div>\n\n\n\n<div class=\"gb-grid-column gb-grid-column-ae01f309\"><div class=\"gb-container gb-container-ae01f309\"><div class=\"gb-inside-container\">\n<p>Zum Wohlf\u00fchlen geh\u00f6rt aber auch das Gef\u00fchl, dass <strong>alle Vorkehrungen getroffen sind, um Umwelt, Natur, Landschaft und die Menschen<\/strong> um uns herum optimal zu besch\u00fctzten und durch unsere Anwesenheit so wenig wie m\u00f6glich zu sch\u00e4digen.<\/p>\n\n\n\n<p>Deshalb habe ich bei Konzeption und F\u00fchrung des Hotels der <strong>Nachhaltigkeit<\/strong> einen gro\u00dfen Stellenwert beigemessen:<\/p>\n\n\n\n<ul><li>Unsere Heizung l\u00e4uft \u00fcber Erdw\u00e4rme<\/li><li>Der Einsatz und Gebrauch von Plastik ist auf das absolute Minimum reduziert<\/li><li>Wir benutzen wann immer m\u00f6glich biologisch abbaubare Reinigungsmittel<\/li><li>Wir beachten und befolgen alle g\u00e4ngigen Hygienestandards und sind so ausger\u00fcstet, dass wir auch in extremen Situationen wie&nbsp; z.B. Corona die notwendigen Vorsichtsma\u00dfnahmen einhalten k\u00f6nnen. F\u00fcr unsere Mitarbeiter gelten die gesetzlichen pr\u00e4ventiven Arbeitsschutzma\u00dfnahmen zur Vermeidung gesundheitlicher Sch\u00e4den.<\/li><li>Unsere K\u00fcche ist saisonal und lokal, unterst\u00fctzt die hiesige Landwirtschaft und nutzt soweit m\u00f6glich biologische Produkte.<\/li><li>Wiederverwendbarkeit wird bei uns gro\u00df geschrieben. So besteht auch unser Mobiliar zu einem gro\u00dfen Teil aus M\u00f6beln, die bereits anderweitig im Einsatz waren. Aber das ist bei antiken M\u00f6beln ja oft der Fall \u2013 und bei uns sorgen sie f\u00fcr ein ganz besonderes Ambiente. Die Betten respektive Matratzen sind nat\u00fcrlich frisch und modern.<\/li><li>Wir wollen so wenig wie m\u00f6glich in die Natur eingreifen. Deshalb ist das Land rund um unser Hotel so nat\u00fcrlich wie m\u00f6glich beschaffen. Gern kreieren wir in der unverf\u00e4lschten Natur geeignete Ecke und Nischen, die unseren G\u00e4sten Entspannung und Erholung bieten. Schauen Sie sich einfach um.<\/li><li>Wir entsorgen keine noch zu gebrauchenden Lebensmittel. Wenn wir wirklich einmal zu viel haben, dann geben wir es lokal an Stellen und Organisationen f\u00fcr Bed\u00fcrftige ab.<\/li><li>Wir sorgen f\u00fcr Abfallvermeidung, Recycling und Wiederverwertung von Materialien. So werden z.B. auch unsere Toiletten mit Regenwasser betrieben.<\/li><li>Wir arbeiten mit unseren Lieferanten wie Mitarbeitern auf einer Basis von Vertrauen, Transparenz, Respekt, Nachhaltigkeit,&nbsp; sozialer Verantwortung und gleichberechtigtem Miteinander<\/li><li>Wir beteiligen uns an der F\u00f6rderung von Jugend, Kultur und Ausbildung im regionalen Umfeld.<\/li><\/ul>\n\n\n\n<p class=\"has-normal-font-size\">F\u00fcr Fragen stehe ich Ihnen jederzeit gern zur Verf\u00fcgung.<br>Herzlich willkommen in Ataraxia.<\/p>\n\n\n\n<p>Ihre Joanna Wolska<\/p>\n<\/div><\/div><\/div>\n<\/div>\n\n\n\n<div style=\"height:25px\" aria-hidden=\"true\" class=\"wp-block-spacer\"><\/div>\n\n\n\n<div style=\"height:50px\" aria-hidden=\"true\" class=\"wp-block-spacer\"><\/div>\n\n\n\n<div style=\"height:100px\" aria-hidden=\"true\" class=\"wp-block-spacer\"><\/div>\n\n\n\n<p><\/p>\n","protected":false},"excerpt":{"rendered":"<p>G\u00e4sten einen angenehmen Aufenthalt bieten, stellt in der heutigen Zeit viele Anforderungen. Die oberste Pr\u00e4misse ist nat\u00fcrlich, dass sich unser Gast wohlf\u00fchlt bei uns, er soll es warm und gem\u00fctlich bei uns haben und uns mit dem Gef\u00fchl wieder verlassen, verw\u00f6hnt worden zu sein.<\/p>\n","protected":false},"author":1,"featured_media":0,"parent":0,"menu_order":0,"comment_status":"closed","ping_status":"closed","template":"","meta":{"_generate-full-width-content":""},"yoast_head":"<!-- This site is optimized with the Yoast SEO plugin v18.2 - https:\/\/yoast.com\/wordpress\/plugins\/seo\/ -->\r\n<title>Nachhaltigkeit und Soziale Kompetenz - Ataraxia<\/title>\r\n<meta name=\"robots\" content=\"index, follow, max-snippet:-1, max-image-preview:large, max-video-preview:-1\" \/>\r\n<link rel=\"canonical\" href=\"https:\/\/ataraxia-gledy.com\/de\/nachhaltigkeit-und-soziale-kompetenz\/\" \/>\r\n<meta property=\"og:locale\" content=\"de_DE\" \/>\r\n<meta property=\"og:type\" content=\"article\" \/>\r\n<meta property=\"og:title\" content=\"Nachhaltigkeit und Soziale Kompetenz - Ataraxia\" \/>\r\n<meta property=\"og:description\" content=\"G\u00e4sten einen angenehmen Aufenthalt bieten, stellt in der heutigen Zeit viele Anforderungen. Die oberste Pr\u00e4misse ist nat\u00fcrlich, dass sich unser Gast wohlf\u00fchlt bei uns, er soll es warm und gem\u00fctlich bei uns haben und uns mit dem Gef\u00fchl wieder verlassen, verw\u00f6hnt worden zu sein.\" \/>\r\n<meta property=\"og:url\" content=\"https:\/\/ataraxia-gledy.com\/de\/nachhaltigkeit-und-soziale-kompetenz\/\" \/>\r\n<meta property=\"og:site_name\" content=\"Ataraxia\" \/>\r\n<meta property=\"article:modified_time\" content=\"2020-07-28T11:18:38+00:00\" \/>\r\n<meta property=\"og:image\" content=\"https:\/\/ataraxia-gledy.com\/wp-content\/uploads\/2020\/07\/46709210_1722196094551357_9207507651729031168_o.jpg\" \/>\r\n<meta name=\"twitter:card\" content=\"summary_large_image\" \/>\r\n<meta name=\"twitter:label1\" content=\"Gesch\u00e4tzte Lesezeit\" \/>\n\t<meta name=\"twitter:data1\" content=\"2\u00a0Minuten\" \/>\r\n<script type=\"application\/ld+json\" class=\"yoast-schema-graph\">{\"@context\":\"https:\/\/schema.org\",\"@graph\":[{\"@type\":\"WebSite\",\"@id\":\"https:\/\/ataraxia-gledy.com\/#website\",\"url\":\"https:\/\/ataraxia-gledy.com\/\",\"name\":\"Ataraxia\",\"description\":\"Mini dworek na Mazurach - The Mini Mansion in Masuria\",\"potentialAction\":[{\"@type\":\"SearchAction\",\"target\":{\"@type\":\"EntryPoint\",\"urlTemplate\":\"https:\/\/ataraxia-gledy.com\/?s={search_term_string}\"},\"query-input\":\"required name=search_term_string\"}],\"inLanguage\":\"de\"},{\"@type\":\"ImageObject\",\"@id\":\"https:\/\/ataraxia-gledy.com\/de\/nachhaltigkeit-und-soziale-kompetenz\/#primaryimage\",\"inLanguage\":\"de\",\"url\":\"https:\/\/ataraxia-gledy.com\/wp-content\/uploads\/2020\/07\/46709210_1722196094551357_9207507651729031168_o.jpg\",\"contentUrl\":\"https:\/\/ataraxia-gledy.com\/wp-content\/uploads\/2020\/07\/46709210_1722196094551357_9207507651729031168_o.jpg\",\"width\":720,\"height\":960},{\"@type\":\"WebPage\",\"@id\":\"https:\/\/ataraxia-gledy.com\/de\/nachhaltigkeit-und-soziale-kompetenz\/#webpage\",\"url\":\"https:\/\/ataraxia-gledy.com\/de\/nachhaltigkeit-und-soziale-kompetenz\/\",\"name\":\"Nachhaltigkeit und Soziale Kompetenz - Ataraxia\",\"isPartOf\":{\"@id\":\"https:\/\/ataraxia-gledy.com\/#website\"},\"primaryImageOfPage\":{\"@id\":\"https:\/\/ataraxia-gledy.com\/de\/nachhaltigkeit-und-soziale-kompetenz\/#primaryimage\"},\"datePublished\":\"2020-07-26T10:11:38+00:00\",\"dateModified\":\"2020-07-28T11:18:38+00:00\",\"breadcrumb\":{\"@id\":\"https:\/\/ataraxia-gledy.com\/de\/nachhaltigkeit-und-soziale-kompetenz\/#breadcrumb\"},\"inLanguage\":\"de\",\"potentialAction\":[{\"@type\":\"ReadAction\",\"target\":[\"https:\/\/ataraxia-gledy.com\/de\/nachhaltigkeit-und-soziale-kompetenz\/\"]}]},{\"@type\":\"BreadcrumbList\",\"@id\":\"https:\/\/ataraxia-gledy.com\/de\/nachhaltigkeit-und-soziale-kompetenz\/#breadcrumb\",\"itemListElement\":[{\"@type\":\"ListItem\",\"position\":1,\"name\":\"Home\",\"item\":\"https:\/\/ataraxia-gledy.com\/\"},{\"@type\":\"ListItem\",\"position\":2,\"name\":\"Nachhaltigkeit und Soziale Kompetenz\"}]}]}<\/script>\r\n<!-- \/ Yoast SEO plugin. -->","yoast_head_json":{"title":"Nachhaltigkeit und Soziale Kompetenz - Ataraxia","robots":{"index":"index","follow":"follow","max-snippet":"max-snippet:-1","max-image-preview":"max-image-preview:large","max-video-preview":"max-video-preview:-1"},"canonical":"https:\/\/ataraxia-gledy.com\/de\/nachhaltigkeit-und-soziale-kompetenz\/","og_locale":"de_DE","og_type":"article","og_title":"Nachhaltigkeit und Soziale Kompetenz - Ataraxia","og_description":"G\u00e4sten einen angenehmen Aufenthalt bieten, stellt in der heutigen Zeit viele Anforderungen. Die oberste Pr\u00e4misse ist nat\u00fcrlich, dass sich unser Gast wohlf\u00fchlt bei uns, er soll es warm und gem\u00fctlich bei uns haben und uns mit dem Gef\u00fchl wieder verlassen, verw\u00f6hnt worden zu sein.","og_url":"https:\/\/ataraxia-gledy.com\/de\/nachhaltigkeit-und-soziale-kompetenz\/","og_site_name":"Ataraxia","article_modified_time":"2020-07-28T11:18:38+00:00","og_image":[{"url":"https:\/\/ataraxia-gledy.com\/wp-content\/uploads\/2020\/07\/46709210_1722196094551357_9207507651729031168_o.jpg"}],"twitter_card":"summary_large_image","twitter_misc":{"Gesch\u00e4tzte Lesezeit":"2\u00a0Minuten"},"schema":{"@context":"https:\/\/schema.org","@graph":[{"@type":"WebSite","@id":"https:\/\/ataraxia-gledy.com\/#website","url":"https:\/\/ataraxia-gledy.com\/","name":"Ataraxia","description":"Mini dworek na Mazurach - The Mini Mansion in Masuria","potentialAction":[{"@type":"SearchAction","target":{"@type":"EntryPoint","urlTemplate":"https:\/\/ataraxia-gledy.com\/?s={search_term_string}"},"query-input":"required name=search_term_string"}],"inLanguage":"de"},{"@type":"ImageObject","@id":"https:\/\/ataraxia-gledy.com\/de\/nachhaltigkeit-und-soziale-kompetenz\/#primaryimage","inLanguage":"de","url":"https:\/\/ataraxia-gledy.com\/wp-content\/uploads\/2020\/07\/46709210_1722196094551357_9207507651729031168_o.jpg","contentUrl":"https:\/\/ataraxia-gledy.com\/wp-content\/uploads\/2020\/07\/46709210_1722196094551357_9207507651729031168_o.jpg","width":720,"height":960},{"@type":"WebPage","@id":"https:\/\/ataraxia-gledy.com\/de\/nachhaltigkeit-und-soziale-kompetenz\/#webpage","url":"https:\/\/ataraxia-gledy.com\/de\/nachhaltigkeit-und-soziale-kompetenz\/","name":"Nachhaltigkeit und Soziale Kompetenz - Ataraxia","isPartOf":{"@id":"https:\/\/ataraxia-gledy.com\/#website"},"primaryImageOfPage":{"@id":"https:\/\/ataraxia-gledy.com\/de\/nachhaltigkeit-und-soziale-kompetenz\/#primaryimage"},"datePublished":"2020-07-26T10:11:38+00:00","dateModified":"2020-07-28T11:18:38+00:00","breadcrumb":{"@id":"https:\/\/ataraxia-gledy.com\/de\/nachhaltigkeit-und-soziale-kompetenz\/#breadcrumb"},"inLanguage":"de","potentialAction":[{"@type":"ReadAction","target":["https:\/\/ataraxia-gledy.com\/de\/nachhaltigkeit-und-soziale-kompetenz\/"]}]},{"@type":"BreadcrumbList","@id":"https:\/\/ataraxia-gledy.com\/de\/nachhaltigkeit-und-soziale-kompetenz\/#breadcrumb","itemListElement":[{"@type":"ListItem","position":1,"name":"Home","item":"https:\/\/ataraxia-gledy.com\/"},{"@type":"ListItem","position":2,"name":"Nachhaltigkeit und Soziale Kompetenz"}]}]}},"_links":{"self":[{"href":"https:\/\/ataraxia-gledy.com\/de\/wp-json\/wp\/v2\/pages\/823"}],"collection":[{"href":"https:\/\/ataraxia-gledy.com\/de\/wp-json\/wp\/v2\/pages"}],"about":[{"href":"https:\/\/ataraxia-gledy.com\/de\/wp-json\/wp\/v2\/types\/page"}],"author":[{"embeddable":true,"href":"https:\/\/ataraxia-gledy.com\/de\/wp-json\/wp\/v2\/users\/1"}],"replies":[{"embeddable":true,"href":"https:\/\/ataraxia-gledy.com\/de\/wp-json\/wp\/v2\/comments?post=823"}],"version-history":[{"count":0,"href":"https:\/\/ataraxia-gledy.com\/de\/wp-json\/wp\/v2\/pages\/823\/revisions"}],"wp:attachment":[{"href":"https:\/\/ataraxia-gledy.com\/de\/wp-json\/wp\/v2\/media?parent=823"}],"curies":[{"name":"wp","href":"https:\/\/api.w.org\/{rel}","templated":true}]}}