{"id":844,"date":"2020-07-26T10:25:34","date_gmt":"2020-07-26T10:25:34","guid":{"rendered":"https:\/\/ataraxia-gledy.com\/?page_id=844"},"modified":"2020-07-28T11:18:57","modified_gmt":"2020-07-28T11:18:57","slug":"ataraxia-unsere-geschichte","status":"publish","type":"page","link":"https:\/\/ataraxia-gledy.com\/de\/ataraxia-unsere-geschichte\/","title":{"rendered":"Ataraxia &#8211;  unsere Geschichte"},"content":{"rendered":"\n<p class=\"has-text-align-center has-medium-font-size\">Ataraxia, meine Oase f\u00fcr den Seelenfrieden, war mein Traum, seit ich ein kleines Kind war. Ich wollte immer in einer der wundersch\u00f6nsten Gegenden Polens wohnen und dieses Gef\u00fchl, diesen Luxus der Zufriedenheit mit Freunden und G\u00e4sten teilen.<\/p>\n\n\n\n<div style=\"height:50px\" aria-hidden=\"true\" class=\"wp-block-spacer\"><\/div>\n\n\n\n<div class=\"gb-grid-wrapper gb-grid-wrapper-e73aafde\">\n<div class=\"gb-grid-column gb-grid-column-dfae2c96\"><div class=\"gb-container gb-container-dfae2c96\"><div class=\"gb-inside-container\">\n<figure class=\"wp-block-image size-large\"><img loading=\"lazy\" width=\"528\" height=\"960\" src=\"https:\/\/ataraxia-gledy.com\/wp-content\/uploads\/2020\/07\/67838679_2407696992799664_5249951143961821184_n.jpg\" alt=\"\" class=\"wp-image-829\" srcset=\"https:\/\/ataraxia-gledy.com\/wp-content\/uploads\/2020\/07\/67838679_2407696992799664_5249951143961821184_n.jpg 528w, https:\/\/ataraxia-gledy.com\/wp-content\/uploads\/2020\/07\/67838679_2407696992799664_5249951143961821184_n-165x300.jpg 165w\" sizes=\"(max-width: 528px) 100vw, 528px\" \/><\/figure>\n<\/div><\/div><\/div>\n\n\n\n<div class=\"gb-grid-column gb-grid-column-971f0e77\"><div class=\"gb-container gb-container-971f0e77\"><div class=\"gb-inside-container\">\n<p>Ataraxia, meine Oase f\u00fcr den Seelenfrieden, war mein Traum, seit ich ein kleines Kind war. Ich wollte immer in einer der wundersch\u00f6nsten Gegenden Polens wohnen und dieses Gef\u00fchl, diesen Luxus der Zufriedenheit mit Freunden und G\u00e4sten teilen.<\/p>\n\n\n\n<p>So blieb im Laufe von drei\u00dfig Berufsjahren, die ich auf internationalem Parkett in der HighTech Industrie als Produkt Managerin und Marketing Direktorin verbracht habe, immer die Sehnsucht, diesen Traum zu verwirklichen.<\/p>\n\n\n\n<p>Es ging langsam, aber mit jedem Schritt f\u00fchlte ich die St\u00e4rke, Gewissheit und Zufriedenheit, dass ich auf dem richtigen Weg war, dem Weg, meinen Traum in die Tat umzusetzen. Als erstes erwarb ich Land \u2013 in den Anfangsjahren verbrachten wir hier die Ferien&nbsp; in einem Teil der Scheune, den wir uns notd\u00fcrftig als Campinglager hergerichtet hatten.&nbsp; Sp\u00e4ter bauten wir ein kleines Haus f\u00fcr die Familie auf der Wiese, zu klein, um G\u00e4ste darin willkommen zu hei\u00dfen.<\/p>\n\n\n\n<p>Im Jahr 2017 begann ich schlie\u00dflich mit der Planung f\u00fcr mein \u201eMini-Mansion in Masuria\u201c, einem kleinen G\u00e4stehaus, das ich in Eigenregie betreibe. Es liegt mitten auf diesem sch\u00f6nen St\u00fcck Land, umgeben von Seen, W\u00e4ldern und Wiesen und bietet das, was ich immer f\u00fcr mich, meine Freunde und G\u00e4ste haben wollte: Seelenfrieden, eine Oase zum Entspannen, zum Abschalten, um sich fernab von Hektik und Stress zu erholen und mit Elan in die Wirklichkeit zur\u00fcckkehren zu k\u00f6nnen.<\/p>\n\n\n\n<p>Als Name w\u00e4hlten wir ATARAXIA &#8211; Die Ataraxie (griechisch \u1f00\u03c4\u03b1\u03c1\u03b1\u03be\u03af\u03b1 atarax\u00eda \u201eUnersch\u00fctterlichkeit\u201c) bezeichnet&nbsp; das Ideal der Seelenruhe. Es steht f\u00fcr den seelischen Zustand der Gelassenheit gegen\u00fcber dem Au\u00dfen, die das Gl\u00fcck (des Weisen) gef\u00e4hrden. Im alten Griechenland war das Leben nicht einfach.&nbsp; Leid und Schmerz, Gewalt, Krieg, Ma\u00dflosigkeit und Unmenschlichkeit bestimmten den Alltag. Im Gegensatz stand die Eudaimonie, das angenehme Leben, das Menschen damals wie heute anstrebten. Dorthin gelangen kann man, so beschrieben es Philosophen, indem man sich Ataraxia aneignet, eine ideale Lebenseinstellung, die die Unplanbarkeit des Lebens und des Schicksals ruhig und gelassen akzeptieren kann. F\u00fcr mich war das genau das, was ich wollte: den Menschen eine Oase anbieten, wo sie in Ruhe und fernab von Hektik, Chaos und Stress des t\u00e4glichen Lebens dieses Idealbild f\u00fcr ihren pers\u00f6nlichen Seelenzustand suchen und erfahren k\u00f6nnen.<\/p>\n\n\n\n<p>\u00dcber zwei Jahre haben wir daran gearbeitet. Im Juli 2020 konnte ich endlich er\u00f6ffnen und die ersten G\u00e4ste einladen.<\/p>\n\n\n\n<p>Ich freue mich und bis sehr gl\u00fccklich, dass ich mit meinem Traum erf\u00fcllen konnte und werde all meine G\u00e4ste gern darin unterst\u00fctzen, ebenfalls ihren idealen pers\u00f6nlichen Seelenfrieden zu finden.<\/p>\n\n\n\n<p>Seien Sie willkommen.<\/p>\n\n\n\n<p>Ihre \u2013 <strong>Joanna Wolska<\/strong><\/p>\n<\/div><\/div><\/div>\n<\/div>\n\n\n\n<div style=\"height:100px\" aria-hidden=\"true\" class=\"wp-block-spacer\"><\/div>\n","protected":false},"excerpt":{"rendered":"<p>Ataraxia, meine Oase f\u00fcr den Seelenfrieden, war mein Traum, seit ich ein kleines Kind war. Ich wollte immer in einer der wundersch\u00f6nsten Gegenden Polens wohnen und dieses Gef\u00fchl, diesen Luxus der Zufriedenheit mit Freunden und G\u00e4sten teilen.<\/p>\n","protected":false},"author":1,"featured_media":0,"parent":0,"menu_order":0,"comment_status":"closed","ping_status":"closed","template":"","meta":{"_generate-full-width-content":""},"yoast_head":"<!-- This site is optimized with the Yoast SEO plugin v18.2 - https:\/\/yoast.com\/wordpress\/plugins\/seo\/ -->\r\n<title>Ataraxia - unsere Geschichte - Ataraxia<\/title>\r\n<meta name=\"robots\" content=\"index, follow, max-snippet:-1, max-image-preview:large, max-video-preview:-1\" \/>\r\n<link rel=\"canonical\" href=\"https:\/\/ataraxia-gledy.com\/de\/ataraxia-unsere-geschichte\/\" \/>\r\n<meta property=\"og:locale\" content=\"de_DE\" \/>\r\n<meta property=\"og:type\" content=\"article\" \/>\r\n<meta property=\"og:title\" content=\"Ataraxia - unsere Geschichte - Ataraxia\" \/>\r\n<meta property=\"og:description\" content=\"Ataraxia, meine Oase f\u00fcr den Seelenfrieden, war mein Traum, seit ich ein kleines Kind war. Ich wollte immer in einer der wundersch\u00f6nsten Gegenden Polens wohnen und dieses Gef\u00fchl, diesen Luxus der Zufriedenheit mit Freunden und G\u00e4sten teilen.\" \/>\r\n<meta property=\"og:url\" content=\"https:\/\/ataraxia-gledy.com\/de\/ataraxia-unsere-geschichte\/\" \/>\r\n<meta property=\"og:site_name\" content=\"Ataraxia\" \/>\r\n<meta property=\"article:modified_time\" content=\"2020-07-28T11:18:57+00:00\" \/>\r\n<meta property=\"og:image\" content=\"https:\/\/ataraxia-gledy.com\/wp-content\/uploads\/2020\/07\/67838679_2407696992799664_5249951143961821184_n.jpg\" \/>\r\n<meta name=\"twitter:card\" content=\"summary_large_image\" \/>\r\n<meta name=\"twitter:label1\" content=\"Gesch\u00e4tzte Lesezeit\" \/>\n\t<meta name=\"twitter:data1\" content=\"2\u00a0Minuten\" \/>\r\n<script type=\"application\/ld+json\" class=\"yoast-schema-graph\">{\"@context\":\"https:\/\/schema.org\",\"@graph\":[{\"@type\":\"WebSite\",\"@id\":\"https:\/\/ataraxia-gledy.com\/#website\",\"url\":\"https:\/\/ataraxia-gledy.com\/\",\"name\":\"Ataraxia\",\"description\":\"Mini dworek na Mazurach - The Mini Mansion in Masuria\",\"potentialAction\":[{\"@type\":\"SearchAction\",\"target\":{\"@type\":\"EntryPoint\",\"urlTemplate\":\"https:\/\/ataraxia-gledy.com\/?s={search_term_string}\"},\"query-input\":\"required name=search_term_string\"}],\"inLanguage\":\"de\"},{\"@type\":\"ImageObject\",\"@id\":\"https:\/\/ataraxia-gledy.com\/de\/ataraxia-unsere-geschichte\/#primaryimage\",\"inLanguage\":\"de\",\"url\":\"https:\/\/ataraxia-gledy.com\/wp-content\/uploads\/2020\/07\/67838679_2407696992799664_5249951143961821184_n.jpg\",\"contentUrl\":\"https:\/\/ataraxia-gledy.com\/wp-content\/uploads\/2020\/07\/67838679_2407696992799664_5249951143961821184_n.jpg\",\"width\":528,\"height\":960},{\"@type\":\"WebPage\",\"@id\":\"https:\/\/ataraxia-gledy.com\/de\/ataraxia-unsere-geschichte\/#webpage\",\"url\":\"https:\/\/ataraxia-gledy.com\/de\/ataraxia-unsere-geschichte\/\",\"name\":\"Ataraxia - unsere Geschichte - Ataraxia\",\"isPartOf\":{\"@id\":\"https:\/\/ataraxia-gledy.com\/#website\"},\"primaryImageOfPage\":{\"@id\":\"https:\/\/ataraxia-gledy.com\/de\/ataraxia-unsere-geschichte\/#primaryimage\"},\"datePublished\":\"2020-07-26T10:25:34+00:00\",\"dateModified\":\"2020-07-28T11:18:57+00:00\",\"breadcrumb\":{\"@id\":\"https:\/\/ataraxia-gledy.com\/de\/ataraxia-unsere-geschichte\/#breadcrumb\"},\"inLanguage\":\"de\",\"potentialAction\":[{\"@type\":\"ReadAction\",\"target\":[\"https:\/\/ataraxia-gledy.com\/de\/ataraxia-unsere-geschichte\/\"]}]},{\"@type\":\"BreadcrumbList\",\"@id\":\"https:\/\/ataraxia-gledy.com\/de\/ataraxia-unsere-geschichte\/#breadcrumb\",\"itemListElement\":[{\"@type\":\"ListItem\",\"position\":1,\"name\":\"Home\",\"item\":\"https:\/\/ataraxia-gledy.com\/\"},{\"@type\":\"ListItem\",\"position\":2,\"name\":\"Ataraxia &#8211; unsere Geschichte\"}]}]}<\/script>\r\n<!-- \/ Yoast SEO plugin. -->","yoast_head_json":{"title":"Ataraxia - unsere Geschichte - Ataraxia","robots":{"index":"index","follow":"follow","max-snippet":"max-snippet:-1","max-image-preview":"max-image-preview:large","max-video-preview":"max-video-preview:-1"},"canonical":"https:\/\/ataraxia-gledy.com\/de\/ataraxia-unsere-geschichte\/","og_locale":"de_DE","og_type":"article","og_title":"Ataraxia - unsere Geschichte - Ataraxia","og_description":"Ataraxia, meine Oase f\u00fcr den Seelenfrieden, war mein Traum, seit ich ein kleines Kind war. Ich wollte immer in einer der wundersch\u00f6nsten Gegenden Polens wohnen und dieses Gef\u00fchl, diesen Luxus der Zufriedenheit mit Freunden und G\u00e4sten teilen.","og_url":"https:\/\/ataraxia-gledy.com\/de\/ataraxia-unsere-geschichte\/","og_site_name":"Ataraxia","article_modified_time":"2020-07-28T11:18:57+00:00","og_image":[{"url":"https:\/\/ataraxia-gledy.com\/wp-content\/uploads\/2020\/07\/67838679_2407696992799664_5249951143961821184_n.jpg"}],"twitter_card":"summary_large_image","twitter_misc":{"Gesch\u00e4tzte Lesezeit":"2\u00a0Minuten"},"schema":{"@context":"https:\/\/schema.org","@graph":[{"@type":"WebSite","@id":"https:\/\/ataraxia-gledy.com\/#website","url":"https:\/\/ataraxia-gledy.com\/","name":"Ataraxia","description":"Mini dworek na Mazurach - The Mini Mansion in Masuria","potentialAction":[{"@type":"SearchAction","target":{"@type":"EntryPoint","urlTemplate":"https:\/\/ataraxia-gledy.com\/?s={search_term_string}"},"query-input":"required name=search_term_string"}],"inLanguage":"de"},{"@type":"ImageObject","@id":"https:\/\/ataraxia-gledy.com\/de\/ataraxia-unsere-geschichte\/#primaryimage","inLanguage":"de","url":"https:\/\/ataraxia-gledy.com\/wp-content\/uploads\/2020\/07\/67838679_2407696992799664_5249951143961821184_n.jpg","contentUrl":"https:\/\/ataraxia-gledy.com\/wp-content\/uploads\/2020\/07\/67838679_2407696992799664_5249951143961821184_n.jpg","width":528,"height":960},{"@type":"WebPage","@id":"https:\/\/ataraxia-gledy.com\/de\/ataraxia-unsere-geschichte\/#webpage","url":"https:\/\/ataraxia-gledy.com\/de\/ataraxia-unsere-geschichte\/","name":"Ataraxia - unsere Geschichte - Ataraxia","isPartOf":{"@id":"https:\/\/ataraxia-gledy.com\/#website"},"primaryImageOfPage":{"@id":"https:\/\/ataraxia-gledy.com\/de\/ataraxia-unsere-geschichte\/#primaryimage"},"datePublished":"2020-07-26T10:25:34+00:00","dateModified":"2020-07-28T11:18:57+00:00","breadcrumb":{"@id":"https:\/\/ataraxia-gledy.com\/de\/ataraxia-unsere-geschichte\/#breadcrumb"},"inLanguage":"de","potentialAction":[{"@type":"ReadAction","target":["https:\/\/ataraxia-gledy.com\/de\/ataraxia-unsere-geschichte\/"]}]},{"@type":"BreadcrumbList","@id":"https:\/\/ataraxia-gledy.com\/de\/ataraxia-unsere-geschichte\/#breadcrumb","itemListElement":[{"@type":"ListItem","position":1,"name":"Home","item":"https:\/\/ataraxia-gledy.com\/"},{"@type":"ListItem","position":2,"name":"Ataraxia &#8211; unsere Geschichte"}]}]}},"_links":{"self":[{"href":"https:\/\/ataraxia-gledy.com\/de\/wp-json\/wp\/v2\/pages\/844"}],"collection":[{"href":"https:\/\/ataraxia-gledy.com\/de\/wp-json\/wp\/v2\/pages"}],"about":[{"href":"https:\/\/ataraxia-gledy.com\/de\/wp-json\/wp\/v2\/types\/page"}],"author":[{"embeddable":true,"href":"https:\/\/ataraxia-gledy.com\/de\/wp-json\/wp\/v2\/users\/1"}],"replies":[{"embeddable":true,"href":"https:\/\/ataraxia-gledy.com\/de\/wp-json\/wp\/v2\/comments?post=844"}],"version-history":[{"count":0,"href":"https:\/\/ataraxia-gledy.com\/de\/wp-json\/wp\/v2\/pages\/844\/revisions"}],"wp:attachment":[{"href":"https:\/\/ataraxia-gledy.com\/de\/wp-json\/wp\/v2\/media?parent=844"}],"curies":[{"name":"wp","href":"https:\/\/api.w.org\/{rel}","templated":true}]}}