{"id":1006,"date":"2020-07-26T10:25:34","date_gmt":"2020-07-26T10:25:34","guid":{"rendered":"https:\/\/ataraxia-gledy.com\/ataraxia-unsere-geschichte\/"},"modified":"2020-07-28T20:29:02","modified_gmt":"2020-07-28T20:29:02","slug":"ataraxia-our-history","status":"publish","type":"page","link":"https:\/\/ataraxia-gledy.com\/en\/ataraxia-our-history\/","title":{"rendered":"Ataraxia &#8211; our history"},"content":{"rendered":"\n<p class=\"has-text-align-center has-medium-font-size\">Ataraxia, my oasis for peace of mind, has been my dream since I was a little child. I always wanted to live in one of the most beautiful areas of Poland and share this feeling, this luxury of satisfaction with friends and guests.<\/p>\n\n\n\n<div style=\"height:24px\" aria-hidden=\"true\" class=\"wp-block-spacer\"><\/div>\n\n\n\n<div class=\"gb-grid-wrapper gb-grid-wrapper-e73aafde\">\n<div class=\"gb-grid-column gb-grid-column-dfae2c96\"><div class=\"gb-container gb-container-dfae2c96\"><div class=\"gb-inside-container\">\n<figure class=\"wp-block-image size-large\"><img loading=\"lazy\" width=\"528\" height=\"960\" src=\"https:\/\/ataraxia-gledy.com\/wp-content\/uploads\/2020\/07\/67838679_2407696992799664_5249951143961821184_n.jpg\" alt=\"\" class=\"wp-image-829\" srcset=\"https:\/\/ataraxia-gledy.com\/wp-content\/uploads\/2020\/07\/67838679_2407696992799664_5249951143961821184_n.jpg 528w, https:\/\/ataraxia-gledy.com\/wp-content\/uploads\/2020\/07\/67838679_2407696992799664_5249951143961821184_n-165x300.jpg 165w\" sizes=\"(max-width: 528px) 100vw, 528px\" \/><\/figure>\n<\/div><\/div><\/div>\n\n\n\n<div class=\"gb-grid-column gb-grid-column-971f0e77\"><div class=\"gb-container gb-container-971f0e77\"><div class=\"gb-inside-container\">\n<p>So over the course of thirty years of professional experience that I have spent on the international stage in the high-tech industry as a product manager and marketing director, I have always longed to realize this dream.<\/p>\n\n\n\n<p>It was slow, but with every step I felt the strength, certainty and satisfaction that I was on the right path, the way to make my dream come true. The first thing I bought was land &#8211; in the early years we spent the holidays here in a part of the barn that we had prepared for ourselves as a camping camp. Later we built a small house for the family on the meadow, too small to welcome guests.<\/p>\n\n\n\n<p>In 2017 I finally started planning for my \u201cMini-Mansion in Masuria\u201d, a small guest house that I run on my own. It is located in the middle of this beautiful piece of land, surrounded by lakes, forests and meadows and offers what I always wanted for myself, my friends and guests: peace of mind, an oasis to relax, to switch off, to get away from the hustle and bustle, to recover and to be able to return to daily life with vigor.<\/p>\n\n\n\n<p>We chose ATARAXIA as the name &#8211; the ataraxie (Greek \u1f00\u03c4\u03b1\u03c1\u03b1\u03be\u03af\u03b1 atarax\u00eda &#8220;steadfastness&#8221;) denotes the ideal of peace of mind. It stands for the emotional state of serenity towards the outside, which endangers happiness (the wise). Life was not easy in ancient Greece. Suffering and pain, violence, war, excess and inhumanity determined everyday life. In contrast was the Eudaimonie, the pleasant life that people wanted then and now. One can get there, as philosophers described, by approaching ataraxia, an ideal attitude to life that can accept the unpredictability of life and fate calmly. For me that was exactly what I wanted: to offer people an oasis where they could search for and experience this ideal personal state of mind in peace and far away from the chaos and stress of everyday life.<\/p>\n\n\n\n<p>We worked on it for over two years. During this time I was also  finishing the executive training in hospitality at the \u00c9cole h\u00f4teli\u00e8re de Lausanne. In August 2020, I was finally able to open and invite the first guests.<\/p>\n\n\n\n<p>I am  very happy that I was able to fulfill my dream and am I looking forward to supporting all my guests in finding their ideal personal peace of mind as well.<\/p>\n\n\n\n<p>Be welcome.<\/p>\n\n\n\n<p>Yours \u2013 <strong>Joanna Wolska<\/strong><\/p>\n<\/div><\/div><\/div>\n<\/div>\n\n\n\n<div style=\"height:100px\" aria-hidden=\"true\" class=\"wp-block-spacer\"><\/div>\n","protected":false},"excerpt":{"rendered":"<p>Ataraxia, my oasis for peace of mind, has been my dream since I was a little child. I always wanted to live in one of the most beautiful areas of Poland and share this feeling, this luxury of satisfaction with friends and guests.<\/p>\n","protected":false},"author":1,"featured_media":0,"parent":0,"menu_order":0,"comment_status":"closed","ping_status":"closed","template":"","meta":{"_generate-full-width-content":""},"yoast_head":"<!-- This site is optimized with the Yoast SEO plugin v18.2 - https:\/\/yoast.com\/wordpress\/plugins\/seo\/ -->\r\n<title>Ataraxia - our history - Ataraxia<\/title>\r\n<meta name=\"robots\" content=\"index, follow, max-snippet:-1, max-image-preview:large, max-video-preview:-1\" \/>\r\n<link rel=\"canonical\" href=\"https:\/\/ataraxia-gledy.com\/en\/ataraxia-our-history\/\" \/>\r\n<meta property=\"og:locale\" content=\"en_US\" \/>\r\n<meta property=\"og:type\" content=\"article\" \/>\r\n<meta property=\"og:title\" content=\"Ataraxia - our history - Ataraxia\" \/>\r\n<meta property=\"og:description\" content=\"Ataraxia, my oasis for peace of mind, has been my dream since I was a little child. I always wanted to live in one of the most beautiful areas of Poland and share this feeling, this luxury of satisfaction with friends and guests.\" \/>\r\n<meta property=\"og:url\" content=\"https:\/\/ataraxia-gledy.com\/en\/ataraxia-our-history\/\" \/>\r\n<meta property=\"og:site_name\" content=\"Ataraxia\" \/>\r\n<meta property=\"article:modified_time\" content=\"2020-07-28T20:29:02+00:00\" \/>\r\n<meta property=\"og:image\" content=\"https:\/\/ataraxia-gledy.com\/wp-content\/uploads\/2020\/07\/67838679_2407696992799664_5249951143961821184_n.jpg\" \/>\r\n<meta name=\"twitter:card\" content=\"summary_large_image\" \/>\r\n<meta name=\"twitter:label1\" content=\"Est. reading time\" \/>\n\t<meta name=\"twitter:data1\" content=\"2 minutes\" \/>\r\n<script type=\"application\/ld+json\" class=\"yoast-schema-graph\">{\"@context\":\"https:\/\/schema.org\",\"@graph\":[{\"@type\":\"WebSite\",\"@id\":\"https:\/\/ataraxia-gledy.com\/#website\",\"url\":\"https:\/\/ataraxia-gledy.com\/\",\"name\":\"Ataraxia\",\"description\":\"Mini dworek na Mazurach - The Mini Mansion in Masuria\",\"potentialAction\":[{\"@type\":\"SearchAction\",\"target\":{\"@type\":\"EntryPoint\",\"urlTemplate\":\"https:\/\/ataraxia-gledy.com\/?s={search_term_string}\"},\"query-input\":\"required name=search_term_string\"}],\"inLanguage\":\"en-US\"},{\"@type\":\"ImageObject\",\"@id\":\"https:\/\/ataraxia-gledy.com\/en\/ataraxia-our-history\/#primaryimage\",\"inLanguage\":\"en-US\",\"url\":\"https:\/\/ataraxia-gledy.com\/wp-content\/uploads\/2020\/07\/67838679_2407696992799664_5249951143961821184_n.jpg\",\"contentUrl\":\"https:\/\/ataraxia-gledy.com\/wp-content\/uploads\/2020\/07\/67838679_2407696992799664_5249951143961821184_n.jpg\",\"width\":528,\"height\":960},{\"@type\":\"WebPage\",\"@id\":\"https:\/\/ataraxia-gledy.com\/en\/ataraxia-our-history\/#webpage\",\"url\":\"https:\/\/ataraxia-gledy.com\/en\/ataraxia-our-history\/\",\"name\":\"Ataraxia - our history - Ataraxia\",\"isPartOf\":{\"@id\":\"https:\/\/ataraxia-gledy.com\/#website\"},\"primaryImageOfPage\":{\"@id\":\"https:\/\/ataraxia-gledy.com\/en\/ataraxia-our-history\/#primaryimage\"},\"datePublished\":\"2020-07-26T10:25:34+00:00\",\"dateModified\":\"2020-07-28T20:29:02+00:00\",\"breadcrumb\":{\"@id\":\"https:\/\/ataraxia-gledy.com\/en\/ataraxia-our-history\/#breadcrumb\"},\"inLanguage\":\"en-US\",\"potentialAction\":[{\"@type\":\"ReadAction\",\"target\":[\"https:\/\/ataraxia-gledy.com\/en\/ataraxia-our-history\/\"]}]},{\"@type\":\"BreadcrumbList\",\"@id\":\"https:\/\/ataraxia-gledy.com\/en\/ataraxia-our-history\/#breadcrumb\",\"itemListElement\":[{\"@type\":\"ListItem\",\"position\":1,\"name\":\"Home\",\"item\":\"https:\/\/ataraxia-gledy.com\/\"},{\"@type\":\"ListItem\",\"position\":2,\"name\":\"Ataraxia &#8211; our history\"}]}]}<\/script>\r\n<!-- \/ Yoast SEO plugin. -->","yoast_head_json":{"title":"Ataraxia - our history - Ataraxia","robots":{"index":"index","follow":"follow","max-snippet":"max-snippet:-1","max-image-preview":"max-image-preview:large","max-video-preview":"max-video-preview:-1"},"canonical":"https:\/\/ataraxia-gledy.com\/en\/ataraxia-our-history\/","og_locale":"en_US","og_type":"article","og_title":"Ataraxia - our history - Ataraxia","og_description":"Ataraxia, my oasis for peace of mind, has been my dream since I was a little child. I always wanted to live in one of the most beautiful areas of Poland and share this feeling, this luxury of satisfaction with friends and guests.","og_url":"https:\/\/ataraxia-gledy.com\/en\/ataraxia-our-history\/","og_site_name":"Ataraxia","article_modified_time":"2020-07-28T20:29:02+00:00","og_image":[{"url":"https:\/\/ataraxia-gledy.com\/wp-content\/uploads\/2020\/07\/67838679_2407696992799664_5249951143961821184_n.jpg"}],"twitter_card":"summary_large_image","twitter_misc":{"Est. reading time":"2 minutes"},"schema":{"@context":"https:\/\/schema.org","@graph":[{"@type":"WebSite","@id":"https:\/\/ataraxia-gledy.com\/#website","url":"https:\/\/ataraxia-gledy.com\/","name":"Ataraxia","description":"Mini dworek na Mazurach - The Mini Mansion in Masuria","potentialAction":[{"@type":"SearchAction","target":{"@type":"EntryPoint","urlTemplate":"https:\/\/ataraxia-gledy.com\/?s={search_term_string}"},"query-input":"required name=search_term_string"}],"inLanguage":"en-US"},{"@type":"ImageObject","@id":"https:\/\/ataraxia-gledy.com\/en\/ataraxia-our-history\/#primaryimage","inLanguage":"en-US","url":"https:\/\/ataraxia-gledy.com\/wp-content\/uploads\/2020\/07\/67838679_2407696992799664_5249951143961821184_n.jpg","contentUrl":"https:\/\/ataraxia-gledy.com\/wp-content\/uploads\/2020\/07\/67838679_2407696992799664_5249951143961821184_n.jpg","width":528,"height":960},{"@type":"WebPage","@id":"https:\/\/ataraxia-gledy.com\/en\/ataraxia-our-history\/#webpage","url":"https:\/\/ataraxia-gledy.com\/en\/ataraxia-our-history\/","name":"Ataraxia - our history - Ataraxia","isPartOf":{"@id":"https:\/\/ataraxia-gledy.com\/#website"},"primaryImageOfPage":{"@id":"https:\/\/ataraxia-gledy.com\/en\/ataraxia-our-history\/#primaryimage"},"datePublished":"2020-07-26T10:25:34+00:00","dateModified":"2020-07-28T20:29:02+00:00","breadcrumb":{"@id":"https:\/\/ataraxia-gledy.com\/en\/ataraxia-our-history\/#breadcrumb"},"inLanguage":"en-US","potentialAction":[{"@type":"ReadAction","target":["https:\/\/ataraxia-gledy.com\/en\/ataraxia-our-history\/"]}]},{"@type":"BreadcrumbList","@id":"https:\/\/ataraxia-gledy.com\/en\/ataraxia-our-history\/#breadcrumb","itemListElement":[{"@type":"ListItem","position":1,"name":"Home","item":"https:\/\/ataraxia-gledy.com\/"},{"@type":"ListItem","position":2,"name":"Ataraxia &#8211; our history"}]}]}},"_links":{"self":[{"href":"https:\/\/ataraxia-gledy.com\/en\/wp-json\/wp\/v2\/pages\/1006"}],"collection":[{"href":"https:\/\/ataraxia-gledy.com\/en\/wp-json\/wp\/v2\/pages"}],"about":[{"href":"https:\/\/ataraxia-gledy.com\/en\/wp-json\/wp\/v2\/types\/page"}],"author":[{"embeddable":true,"href":"https:\/\/ataraxia-gledy.com\/en\/wp-json\/wp\/v2\/users\/1"}],"replies":[{"embeddable":true,"href":"https:\/\/ataraxia-gledy.com\/en\/wp-json\/wp\/v2\/comments?post=1006"}],"version-history":[{"count":0,"href":"https:\/\/ataraxia-gledy.com\/en\/wp-json\/wp\/v2\/pages\/1006\/revisions"}],"wp:attachment":[{"href":"https:\/\/ataraxia-gledy.com\/en\/wp-json\/wp\/v2\/media?parent=1006"}],"curies":[{"name":"wp","href":"https:\/\/api.w.org\/{rel}","templated":true}]}}